{"id":5266,"date":"2021-07-18T08:03:35","date_gmt":"2021-07-18T08:03:35","guid":{"rendered":"https:\/\/nuss.uxper.co\/luxury-resort\/?page_id=5266"},"modified":"2024-10-02T02:07:11","modified_gmt":"2024-10-02T02:07:11","slug":"uber-uns","status":"publish","type":"page","link":"https:\/\/lalocandabangkok.com\/de\/uber-uns\/","title":{"rendered":"\u00dcber uns"},"content":{"rendered":"<div data-elementor-type=\"wp-page\" data-elementor-id=\"5266\" class=\"elementor elementor-5266\">\n\t\t\t\t\t\t<section class=\"elementor-section elementor-top-section elementor-element elementor-element-10416953 elementor-section-boxed elementor-section-gap-beside-yes elementor-section-height-default elementor-section-height-default elementor-section-column-vertical-align-stretch\" data-id=\"10416953\" data-element_type=\"section\" data-e-type=\"section\">\n\t\t\t\t\t\t<div class=\"elementor-container elementor-column-gap-extended\">\n\t\t\t\t\t<div class=\"elementor-column elementor-col-100 elementor-top-column elementor-element elementor-element-29c6aa8\" data-id=\"29c6aa8\" data-element_type=\"column\" data-e-type=\"column\">\n\t\t\t<div class=\"elementor-widget-wrap elementor-element-populated\">\n\t\t\t\t\t\t<div class=\"elementor-element elementor-element-7be18fe7 elementor-widget__width-initial elementor-invisible elementor-widget elementor-widget-text-editor\" data-id=\"7be18fe7\" data-element_type=\"widget\" data-e-type=\"widget\" data-settings=\"{&quot;_animation&quot;:&quot;nussFadeInUp&quot;}\" data-widget_type=\"text-editor.default\">\n\t\t\t\t<div class=\"elementor-widget-container\">\n\t\t\t\t\t\t\t\t\t<p>La Locanda bietet eine einzigartige Mischung aus Komfort, Bequemlichkeit und lokalem Charme und ist damit die perfekte Wahl f\u00fcr Reisende, die einen unvergesslichen Aufenthalt in Bangkok verbringen m\u00f6chten.<\/p>\t\t\t\t\t\t\t\t<\/div>\n\t\t\t\t<\/div>\n\t\t\t\t\t<\/div>\n\t\t<\/div>\n\t\t\t\t\t<\/div>\n\t\t<\/section>\n\t\t\t\t<section class=\"elementor-section elementor-top-section elementor-element elementor-element-7d18327f elementor-section-boxed elementor-section-gap-beside-yes elementor-section-height-default elementor-section-height-default elementor-section-column-vertical-align-stretch\" data-id=\"7d18327f\" data-element_type=\"section\" data-e-type=\"section\">\n\t\t\t\t\t\t<div class=\"elementor-container elementor-column-gap-extended\">\n\t\t\t\t\t<div class=\"elementor-column elementor-col-50 elementor-top-column elementor-element elementor-element-56533670\" data-id=\"56533670\" data-element_type=\"column\" data-e-type=\"column\">\n\t\t\t<div class=\"elementor-widget-wrap elementor-element-populated\">\n\t\t\t\t\t\t<div class=\"elementor-element elementor-element-19c3f543 elementor-invisible elementor-widget elementor-widget-text-editor\" data-id=\"19c3f543\" data-element_type=\"widget\" data-e-type=\"widget\" data-settings=\"{&quot;_animation&quot;:&quot;nussFadeInUp&quot;}\" data-widget_type=\"text-editor.default\">\n\t\t\t\t<div class=\"elementor-widget-container\">\n\t\t\t\t\t\t\t\t\t<p>Willkommen im La Locanda, einem charmanten und gem\u00fctlichen R\u00fcckzugsort im Herzen von Bangkok, Thailand. Das im lebhaften Chinatown-Viertel gelegene La Locanda ist die perfekte Wahl f\u00fcr Reisende, die Komfort, Bequemlichkeit und einen Hauch von lokalem Charme suchen. Mit seiner erstklassigen Lage und einer Reihe von Annehmlichkeiten bietet dieses Boutique-Hotel seinen G\u00e4sten ein einzigartiges und unvergessliches Erlebnis.<\/p>\t\t\t\t\t\t\t\t<\/div>\n\t\t\t\t<\/div>\n\t\t\t\t\t<\/div>\n\t\t<\/div>\n\t\t\t\t<div class=\"elementor-column elementor-col-50 elementor-top-column elementor-element elementor-element-30f14127\" data-id=\"30f14127\" data-element_type=\"column\" data-e-type=\"column\">\n\t\t\t<div class=\"elementor-widget-wrap elementor-element-populated\">\n\t\t\t\t\t\t<div class=\"elementor-element elementor-element-350da02e elementor-invisible nuss-elementor-loading nuss-slide-in-left elementor-widget elementor-widget-image\" data-id=\"350da02e\" data-element_type=\"widget\" data-e-type=\"widget\" data-settings=\"{&quot;_animation&quot;:&quot;nussSlideInLeft&quot;}\" data-widget_type=\"image.default\">\n\t\t\t\t<div class=\"elementor-widget-container\">\n\t\t\t\t\t\t\t\t\t\t\t\t\t\t\t<img fetchpriority=\"high\" decoding=\"async\" width=\"1048\" height=\"1399\" src=\"https:\/\/lalocandabangkok.com\/wp-content\/uploads\/2024\/01\/home-2.jpg\" class=\"attachment-full size-full wp-image-5514\" alt=\"\" srcset=\"https:\/\/lalocandabangkok.com\/wp-content\/uploads\/2024\/01\/home-2.jpg 1048w, https:\/\/lalocandabangkok.com\/wp-content\/uploads\/2024\/01\/home-2-225x300.jpg 225w, https:\/\/lalocandabangkok.com\/wp-content\/uploads\/2024\/01\/home-2-767x1024.jpg 767w, https:\/\/lalocandabangkok.com\/wp-content\/uploads\/2024\/01\/home-2-768x1025.jpg 768w\" sizes=\"(max-width: 1048px) 100vw, 1048px\" \/>\t\t\t\t\t\t\t\t\t\t\t\t\t\t\t<\/div>\n\t\t\t\t<\/div>\n\t\t\t\t\t<\/div>\n\t\t<\/div>\n\t\t\t\t\t<\/div>\n\t\t<\/section>\n\t\t\t\t<section class=\"elementor-section elementor-top-section elementor-element elementor-element-29fb8578 elementor-section-height-min-height elementor-section-stretched elementor-section-full_width elementor-section-items-stretch elementor-section-height-default elementor-section-column-vertical-align-stretch\" data-id=\"29fb8578\" data-element_type=\"section\" data-e-type=\"section\" data-settings=\"{&quot;stretch_section&quot;:&quot;section-stretched&quot;}\">\n\t\t\t\t\t\t<div class=\"elementor-container elementor-column-gap-no\">\n\t\t\t\t\t<div class=\"elementor-column elementor-col-50 elementor-top-column elementor-element elementor-element-40ac270b\" data-id=\"40ac270b\" data-element_type=\"column\" data-e-type=\"column\">\n\t\t\t<div class=\"elementor-widget-wrap elementor-element-populated\">\n\t\t\t\t\t\t<div class=\"elementor-element elementor-element-20872773 elementor-widget__width-initial elementor-widget-mobile__width-inherit elementor-invisible nuss-elementor-loading nuss-slide-in-right elementor-widget elementor-widget-image\" data-id=\"20872773\" data-element_type=\"widget\" data-e-type=\"widget\" data-settings=\"{&quot;_animation&quot;:&quot;nussSlideInRight&quot;}\" data-widget_type=\"image.default\">\n\t\t\t\t<div class=\"elementor-widget-container\">\n\t\t\t\t\t\t\t\t\t\t\t\t\t\t\t<img decoding=\"async\" width=\"1276\" height=\"717\" src=\"https:\/\/lalocandabangkok.com\/wp-content\/uploads\/2024\/01\/lalocandabangkok-59.jpg\" class=\"attachment-full size-full wp-image-5567\" alt=\"\" srcset=\"https:\/\/lalocandabangkok.com\/wp-content\/uploads\/2024\/01\/lalocandabangkok-59.jpg 1276w, https:\/\/lalocandabangkok.com\/wp-content\/uploads\/2024\/01\/lalocandabangkok-59-300x169.jpg 300w, https:\/\/lalocandabangkok.com\/wp-content\/uploads\/2024\/01\/lalocandabangkok-59-1024x575.jpg 1024w, https:\/\/lalocandabangkok.com\/wp-content\/uploads\/2024\/01\/lalocandabangkok-59-768x432.jpg 768w\" sizes=\"(max-width: 1276px) 100vw, 1276px\" \/>\t\t\t\t\t\t\t\t\t\t\t\t\t\t\t<\/div>\n\t\t\t\t<\/div>\n\t\t\t\t\t<\/div>\n\t\t<\/div>\n\t\t\t\t<div class=\"elementor-column elementor-col-50 elementor-top-column elementor-element elementor-element-2dac103\" data-id=\"2dac103\" data-element_type=\"column\" data-e-type=\"column\">\n\t\t\t<div class=\"elementor-widget-wrap elementor-element-populated\">\n\t\t\t\t\t\t<div class=\"elementor-element elementor-element-7df0054f elementor-invisible elementor-widget elementor-widget-nuss-heading\" data-id=\"7df0054f\" data-element_type=\"widget\" data-e-type=\"widget\" data-settings=\"{&quot;_animation&quot;:&quot;nussFadeInUp&quot;}\" data-widget_type=\"nuss-heading.default\">\n\t\t\t\t<div class=\"elementor-widget-container\">\n\t\t\t\t\t\t\t<div class=\"nuss-modern-heading\">\r\n\t\t\t\r\n\t\t\t\t\t\t<div class=\"heading-primary-wrap\">\r\n\t\t\t\t<h4 class=\"heading-primary elementor-heading-title\">Enth\u00fcllung des G\u00e4stehauses\n<\/h4>\t\t\t<\/div>\r\n\t\t\r\n\t\t\t\t\t\t<div class=\"heading-divider-wrap\">\r\n\t\t\t\t<div class=\"heading-divider\" style=\"left: 0px;top: 6px\"><\/div>\r\n\t\t\t<\/div>\r\n\t\r\n\t\t\t\t\t<\/div>\r\n\t\t\t\t\t<\/div>\n\t\t\t\t<\/div>\n\t\t\t\t<div class=\"elementor-element elementor-element-1ab88d95 elementor-invisible elementor-widget elementor-widget-heading\" data-id=\"1ab88d95\" data-element_type=\"widget\" data-e-type=\"widget\" data-settings=\"{&quot;_animation&quot;:&quot;nussFadeInUp&quot;}\" data-widget_type=\"heading.default\">\n\t\t\t\t<div class=\"elementor-widget-container\">\n\t\t\t\t\t<h3 class=\"elementor-heading-title elementor-size-default\">Eine zentrale Lage<\/h3>\t\t\t\t<\/div>\n\t\t\t\t<\/div>\n\t\t\t\t<div class=\"elementor-element elementor-element-6f1b8966 elementor-invisible elementor-widget elementor-widget-text-editor\" data-id=\"6f1b8966\" data-element_type=\"widget\" data-e-type=\"widget\" data-settings=\"{&quot;_animation&quot;:&quot;nussFadeInUp&quot;}\" data-widget_type=\"text-editor.default\">\n\t\t\t\t<div class=\"elementor-widget-container\">\n\t\t\t\t\t\t\t\t\t<p>Das Inn liegt in Soi Phantha Chit 2 und ist ideal gelegen, um das Beste von Bangkok zu erkunden. Nur eine kurze Strecke vom Bahnhof Bangkok und der MRT-Station Hua Lamphong entfernt haben G\u00e4ste einfachen Zugang zu den wichtigsten Sehensw\u00fcrdigkeiten und Verkehrsknotenpunkten der Stadt. Ganz gleich, ob Sie gesch\u00e4ftlich oder privat hier sind, die zentrale Lage des Inn macht es zu einem bequemen Ausgangspunkt f\u00fcr Ihre Abenteuer in der Stadt.<\/p>\t\t\t\t\t\t\t\t<\/div>\n\t\t\t\t<\/div>\n\t\t\t\t\t<\/div>\n\t\t<\/div>\n\t\t\t\t\t<\/div>\n\t\t<\/section>\n\t\t\t\t<section class=\"elementor-section elementor-top-section elementor-element elementor-element-a4c6b92 elementor-section-height-min-height elementor-section-stretched elementor-section-full_width elementor-section-items-stretch elementor-section-height-default elementor-section-column-vertical-align-stretch\" data-id=\"a4c6b92\" data-element_type=\"section\" data-e-type=\"section\" data-settings=\"{&quot;stretch_section&quot;:&quot;section-stretched&quot;}\">\n\t\t\t\t\t\t<div class=\"elementor-container elementor-column-gap-no\">\n\t\t\t\t\t<div class=\"elementor-column elementor-col-50 elementor-top-column elementor-element elementor-element-ef91381\" data-id=\"ef91381\" data-element_type=\"column\" data-e-type=\"column\">\n\t\t\t<div class=\"elementor-widget-wrap elementor-element-populated\">\n\t\t\t\t\t\t<div class=\"elementor-element elementor-element-980cc1d elementor-invisible elementor-widget elementor-widget-nuss-heading\" data-id=\"980cc1d\" data-element_type=\"widget\" data-e-type=\"widget\" data-settings=\"{&quot;_animation&quot;:&quot;nussFadeInUp&quot;}\" data-widget_type=\"nuss-heading.default\">\n\t\t\t\t<div class=\"elementor-widget-container\">\n\t\t\t\t\t\t\t<div class=\"nuss-modern-heading\">\r\n\t\t\t\r\n\t\t\t\t\t\t<div class=\"heading-primary-wrap\">\r\n\t\t\t\t<h4 class=\"heading-primary elementor-heading-title\">Enth\u00fcllung des G\u00e4stehauses\n<\/h4>\t\t\t<\/div>\r\n\t\t\r\n\t\t\t\t\t\t<div class=\"heading-divider-wrap\">\r\n\t\t\t\t<div class=\"heading-divider\" style=\"left: 0px;top: 6px\"><\/div>\r\n\t\t\t<\/div>\r\n\t\r\n\t\t\t\t\t<\/div>\r\n\t\t\t\t\t<\/div>\n\t\t\t\t<\/div>\n\t\t\t\t<div class=\"elementor-element elementor-element-9af69d9 elementor-invisible elementor-widget elementor-widget-heading\" data-id=\"9af69d9\" data-element_type=\"widget\" data-e-type=\"widget\" data-settings=\"{&quot;_animation&quot;:&quot;nussFadeInUp&quot;}\" data-widget_type=\"heading.default\">\n\t\t\t\t<div class=\"elementor-widget-container\">\n\t\t\t\t\t<h3 class=\"elementor-heading-title elementor-size-default\">Gem\u00fctliche und komfortable Zimmer\n<\/h3>\t\t\t\t<\/div>\n\t\t\t\t<\/div>\n\t\t\t\t<div class=\"elementor-element elementor-element-49f740f elementor-invisible elementor-widget elementor-widget-text-editor\" data-id=\"49f740f\" data-element_type=\"widget\" data-e-type=\"widget\" data-settings=\"{&quot;_animation&quot;:&quot;nussFadeInUp&quot;}\" data-widget_type=\"text-editor.default\">\n\t\t\t\t<div class=\"elementor-widget-container\">\n\t\t\t\t\t\t\t\t\t<p>Bei La Locanda legen wir gr\u00f6\u00dften Wert auf den Komfort und die Zufriedenheit unserer G\u00e4ste. Unsere Zimmer sind mit viel Liebe zum Detail eingerichtet und verf\u00fcgen \u00fcber moderne Annehmlichkeiten, um einen erholsamen Aufenthalt zu gew\u00e4hrleisten. Vom Deluxe-Doppelzimmer bis zum Vierbettzimmer mit eigenem externen Badezimmer bietet jede Unterkunftsoption eine einzigartige Mischung aus Komfort und Funktionalit\u00e4t. Genie\u00dfen Sie eine erholsame Nachtruhe in unseren ger\u00e4umigen Betten und wachen Sie erfrischt auf, um in den Tag zu starten.<\/p>\t\t\t\t\t\t\t\t<\/div>\n\t\t\t\t<\/div>\n\t\t\t\t\t<\/div>\n\t\t<\/div>\n\t\t\t\t<div class=\"elementor-column elementor-col-50 elementor-top-column elementor-element elementor-element-66c577c\" data-id=\"66c577c\" data-element_type=\"column\" data-e-type=\"column\">\n\t\t\t<div class=\"elementor-widget-wrap elementor-element-populated\">\n\t\t\t\t\t\t<div class=\"elementor-element elementor-element-357bde4 elementor-widget__width-initial elementor-widget-mobile__width-inherit elementor-invisible nuss-elementor-loading nuss-slide-in-right elementor-widget elementor-widget-image\" data-id=\"357bde4\" data-element_type=\"widget\" data-e-type=\"widget\" data-settings=\"{&quot;_animation&quot;:&quot;nussSlideInRight&quot;}\" data-widget_type=\"image.default\">\n\t\t\t\t<div class=\"elementor-widget-container\">\n\t\t\t\t\t\t\t\t\t\t\t\t\t\t\t<img decoding=\"async\" width=\"1024\" height=\"768\" src=\"https:\/\/lalocandabangkok.com\/wp-content\/uploads\/2024\/01\/lalocandabangkok-29-1.jpg\" class=\"attachment-full size-full wp-image-5568\" alt=\"\" srcset=\"https:\/\/lalocandabangkok.com\/wp-content\/uploads\/2024\/01\/lalocandabangkok-29-1.jpg 1024w, https:\/\/lalocandabangkok.com\/wp-content\/uploads\/2024\/01\/lalocandabangkok-29-1-300x225.jpg 300w, https:\/\/lalocandabangkok.com\/wp-content\/uploads\/2024\/01\/lalocandabangkok-29-1-768x576.jpg 768w\" sizes=\"(max-width: 1024px) 100vw, 1024px\" \/>\t\t\t\t\t\t\t\t\t\t\t\t\t\t\t<\/div>\n\t\t\t\t<\/div>\n\t\t\t\t\t<\/div>\n\t\t<\/div>\n\t\t\t\t\t<\/div>\n\t\t<\/section>\n\t\t\t\t<section class=\"elementor-section elementor-top-section elementor-element elementor-element-cffcffb elementor-section-height-min-height elementor-section-stretched elementor-section-full_width elementor-section-items-stretch elementor-section-height-default elementor-section-column-vertical-align-stretch\" data-id=\"cffcffb\" data-element_type=\"section\" data-e-type=\"section\" data-settings=\"{&quot;stretch_section&quot;:&quot;section-stretched&quot;}\">\n\t\t\t\t\t\t<div class=\"elementor-container elementor-column-gap-no\">\n\t\t\t\t\t<div class=\"elementor-column elementor-col-50 elementor-top-column elementor-element elementor-element-453b8d5\" data-id=\"453b8d5\" data-element_type=\"column\" data-e-type=\"column\">\n\t\t\t<div class=\"elementor-widget-wrap elementor-element-populated\">\n\t\t\t\t\t\t<div class=\"elementor-element elementor-element-947c8b6 elementor-widget__width-initial elementor-widget-mobile__width-inherit elementor-invisible nuss-elementor-loading nuss-slide-in-right elementor-widget elementor-widget-image\" data-id=\"947c8b6\" data-element_type=\"widget\" data-e-type=\"widget\" data-settings=\"{&quot;_animation&quot;:&quot;nussSlideInRight&quot;}\" data-widget_type=\"image.default\">\n\t\t\t\t<div class=\"elementor-widget-container\">\n\t\t\t\t\t\t\t\t\t\t\t\t\t\t\t<img loading=\"lazy\" decoding=\"async\" width=\"1211\" height=\"1211\" src=\"https:\/\/lalocandabangkok.com\/wp-content\/uploads\/2024\/01\/248031971_1259633101178798_4755148210654316375_n.jpg\" class=\"attachment-full size-full wp-image-5571\" alt=\"\" srcset=\"https:\/\/lalocandabangkok.com\/wp-content\/uploads\/2024\/01\/248031971_1259633101178798_4755148210654316375_n.jpg 1211w, https:\/\/lalocandabangkok.com\/wp-content\/uploads\/2024\/01\/248031971_1259633101178798_4755148210654316375_n-300x300.jpg 300w, https:\/\/lalocandabangkok.com\/wp-content\/uploads\/2024\/01\/248031971_1259633101178798_4755148210654316375_n-1024x1024.jpg 1024w, https:\/\/lalocandabangkok.com\/wp-content\/uploads\/2024\/01\/248031971_1259633101178798_4755148210654316375_n-150x150.jpg 150w, https:\/\/lalocandabangkok.com\/wp-content\/uploads\/2024\/01\/248031971_1259633101178798_4755148210654316375_n-768x768.jpg 768w\" sizes=\"(max-width: 1211px) 100vw, 1211px\" \/>\t\t\t\t\t\t\t\t\t\t\t\t\t\t\t<\/div>\n\t\t\t\t<\/div>\n\t\t\t\t\t<\/div>\n\t\t<\/div>\n\t\t\t\t<div class=\"elementor-column elementor-col-50 elementor-top-column elementor-element elementor-element-80ebbd1\" data-id=\"80ebbd1\" data-element_type=\"column\" data-e-type=\"column\">\n\t\t\t<div class=\"elementor-widget-wrap elementor-element-populated\">\n\t\t\t\t\t\t<div class=\"elementor-element elementor-element-37b8d94 elementor-invisible elementor-widget elementor-widget-nuss-heading\" data-id=\"37b8d94\" data-element_type=\"widget\" data-e-type=\"widget\" data-settings=\"{&quot;_animation&quot;:&quot;nussFadeInUp&quot;}\" data-widget_type=\"nuss-heading.default\">\n\t\t\t\t<div class=\"elementor-widget-container\">\n\t\t\t\t\t\t\t<div class=\"nuss-modern-heading\">\r\n\t\t\t\r\n\t\t\t\t\t\t<div class=\"heading-primary-wrap\">\r\n\t\t\t\t<h4 class=\"heading-primary elementor-heading-title\">Enth\u00fcllung des G\u00e4stehauses\n<\/h4>\t\t\t<\/div>\r\n\t\t\r\n\t\t\t\t\t\t<div class=\"heading-divider-wrap\">\r\n\t\t\t\t<div class=\"heading-divider\" style=\"left: 0px;top: 6px\"><\/div>\r\n\t\t\t<\/div>\r\n\t\r\n\t\t\t\t\t<\/div>\r\n\t\t\t\t\t<\/div>\n\t\t\t\t<\/div>\n\t\t\t\t<div class=\"elementor-element elementor-element-44da821 elementor-widget__width-initial elementor-invisible elementor-widget elementor-widget-heading\" data-id=\"44da821\" data-element_type=\"widget\" data-e-type=\"widget\" data-settings=\"{&quot;_animation&quot;:&quot;nussFadeInUp&quot;}\" data-widget_type=\"heading.default\">\n\t\t\t\t<div class=\"elementor-widget-container\">\n\t\t\t\t\t<h3 class=\"elementor-heading-title elementor-size-default\">Herzliche Gastfreundschaft und pers\u00f6nlicher Service<\/h3>\t\t\t\t<\/div>\n\t\t\t\t<\/div>\n\t\t\t\t<div class=\"elementor-element elementor-element-72d7648 elementor-invisible elementor-widget elementor-widget-text-editor\" data-id=\"72d7648\" data-element_type=\"widget\" data-e-type=\"widget\" data-settings=\"{&quot;_animation&quot;:&quot;nussFadeInUp&quot;}\" data-widget_type=\"text-editor.default\">\n\t\t\t\t<div class=\"elementor-widget-container\">\n\t\t\t\t\t\t\t\t\t<p>Wir sind stolz auf unsere herzliche Gastfreundschaft und unseren pers\u00f6nlichen Service. Unser freundliches und aufmerksames Personal ist immer bereit, Ihnen zu helfen, sei es mit Empfehlungen f\u00fcr lokale Sehensw\u00fcrdigkeiten oder der Organisation von Transporten. Im La Locanda sind wir bestrebt, Ihnen ein zweites Zuhause zu bieten und Ihren Aufenthalt so komfortabel und angenehm wie m\u00f6glich zu gestalten.<\/p>\t\t\t\t\t\t\t\t<\/div>\n\t\t\t\t<\/div>\n\t\t\t\t\t<\/div>\n\t\t<\/div>\n\t\t\t\t\t<\/div>\n\t\t<\/section>\n\t\t\t\t<section class=\"elementor-section elementor-top-section elementor-element elementor-element-74cbf132 elementor-section-stretched elementor-section-boxed elementor-section-gap-beside-yes elementor-section-height-default elementor-section-height-default elementor-section-column-vertical-align-stretch\" data-id=\"74cbf132\" data-element_type=\"section\" data-e-type=\"section\" data-settings=\"{&quot;background_background&quot;:&quot;classic&quot;,&quot;stretch_section&quot;:&quot;section-stretched&quot;}\">\n\t\t\t\t\t\t<div class=\"elementor-container elementor-column-gap-extended\">\n\t\t\t\t\t<div class=\"elementor-column elementor-col-100 elementor-top-column elementor-element elementor-element-59627cf9\" data-id=\"59627cf9\" data-element_type=\"column\" data-e-type=\"column\">\n\t\t\t<div class=\"elementor-widget-wrap elementor-element-populated\">\n\t\t\t\t\t\t<div class=\"elementor-element elementor-element-3a2b4cee elementor-widget elementor-widget-heading\" data-id=\"3a2b4cee\" data-element_type=\"widget\" data-e-type=\"widget\" data-widget_type=\"heading.default\">\n\t\t\t\t<div class=\"elementor-widget-container\">\n\t\t\t\t\t<h2 class=\"elementor-heading-title elementor-size-default\">Sehenswerte Reiseziele in Thailand<\/h2>\t\t\t\t<\/div>\n\t\t\t\t<\/div>\n\t\t\t\t<div class=\"elementor-element elementor-element-fda2a9c elementor-widget elementor-widget-nuss-client-logo\" data-id=\"fda2a9c\" data-element_type=\"widget\" data-e-type=\"widget\" data-widget_type=\"nuss-client-logo.default\">\n\t\t\t\t<div class=\"elementor-widget-container\">\n\t\t\t\t\t\t\t<div class=\"nuss-client-logo\">\r\n\t\t\t<div class=\"nuss-grid flex-item\">\r\n\t\t\t\t\t\t\t<div class=\"grid-item elementor-repeater-item-1972798\">\r\n\t\t\t\t\t\t<div class=\"item\">\r\n\r\n\t\t\t\t\t\t<a href=\"https:\/\/www.trip.com\/t\/IdNkN7k7MX1\" target=\"_blank\" rel=\"nofollow noopener\">\r\n\t\t\t\t\r\n\t\t\t\t<div class=\"image\">\r\n\t\t\t\t\t<img decoding=\"async\" src=\"https:\/\/lalocandabangkok.com\/wp-content\/uploads\/2024\/01\/Chiang-Mai.jpg\"\r\n\t\t\t\t\t     alt=\"Kundenlogo\">\r\n\t\t\t\t<\/div>\r\n\r\n\t\t\t\t\t\t\t<\/a>\r\n\t\t\t\t<\/div>\r\n\t\t\t\t\t<\/div>\r\n\t\t\t\t\t<div class=\"grid-item elementor-repeater-item-e7f8e4c\">\r\n\t\t\t\t\t\t<div class=\"item\">\r\n\r\n\t\t\t\t\t\t<a href=\"https:\/\/www.trip.com\/t\/2rYasll7MX1\" target=\"_blank\" rel=\"nofollow noopener\">\r\n\t\t\t\t\r\n\t\t\t\t<div class=\"image\">\r\n\t\t\t\t\t<img decoding=\"async\" src=\"https:\/\/lalocandabangkok.com\/wp-content\/uploads\/2024\/01\/Pattaya-1.jpg\"\r\n\t\t\t\t\t     alt=\"Kundenlogo\">\r\n\t\t\t\t<\/div>\r\n\r\n\t\t\t\t\t\t\t<\/a>\r\n\t\t\t\t<\/div>\r\n\t\t\t\t\t<\/div>\r\n\t\t\t\t\t<div class=\"grid-item elementor-repeater-item-15b9c6b\">\r\n\t\t\t\t\t\t<div class=\"item\">\r\n\r\n\t\t\t\t\t\t<a href=\"https:\/\/www.trip.com\/t\/YR5YfGn7MX1\" target=\"_blank\" rel=\"nofollow noopener\">\r\n\t\t\t\t\r\n\t\t\t\t<div class=\"image\">\r\n\t\t\t\t\t<img decoding=\"async\" src=\"https:\/\/lalocandabangkok.com\/wp-content\/uploads\/2024\/01\/Phuket-Town.jpg\"\r\n\t\t\t\t\t     alt=\"Kundenlogo\">\r\n\t\t\t\t<\/div>\r\n\r\n\t\t\t\t\t\t\t<\/a>\r\n\t\t\t\t<\/div>\r\n\t\t\t\t\t<\/div>\r\n\t\t\t\t\t<div class=\"grid-item elementor-repeater-item-8e8f119\">\r\n\t\t\t\t\t\t<div class=\"item\">\r\n\r\n\t\t\t\t\t\t<a href=\"https:\/\/www.trip.com\/t\/Q7PqDDp7MX1\" target=\"_blank\" rel=\"nofollow noopener\">\r\n\t\t\t\t\r\n\t\t\t\t<div class=\"image\">\r\n\t\t\t\t\t<img decoding=\"async\" src=\"https:\/\/lalocandabangkok.com\/wp-content\/uploads\/2024\/01\/Jomtien-Beach.jpg\"\r\n\t\t\t\t\t     alt=\"Kundenlogo\">\r\n\t\t\t\t<\/div>\r\n\r\n\t\t\t\t\t\t\t<\/a>\r\n\t\t\t\t<\/div>\r\n\t\t\t\t\t<\/div>\r\n\t\t\t\t\t<\/div>\r\n\t\t<\/div>\r\n\t\t\t\t\t\t<\/div>\n\t\t\t\t<\/div>\n\t\t\t\t\t<\/div>\n\t\t<\/div>\n\t\t\t\t\t<\/div>\n\t\t<\/section>\n\t\t<div class=\"elementor-element elementor-element-5b1acc0 e-flex e-con-boxed e-con e-parent\" data-id=\"5b1acc0\" data-element_type=\"container\" data-e-type=\"container\">\n\t\t\t\t\t<div class=\"e-con-inner\">\n\t\t\t\t<div class=\"elementor-element elementor-element-2aed761 elementor-widget elementor-widget-text-editor\" data-id=\"2aed761\" data-element_type=\"widget\" data-e-type=\"widget\" data-widget_type=\"text-editor.default\">\n\t\t\t\t<div class=\"elementor-widget-container\">\n\t\t\t\t\t\t\t\t\t<div data-gyg-widget=\"auto\" data-gyg-partner-id=\"1HQ2Z79\"><\/div>\t\t\t\t\t\t\t\t<\/div>\n\t\t\t\t<\/div>\n\t\t\t\t\t<\/div>\n\t\t\t\t<\/div>\n\t\t\t\t<\/div>","protected":false},"excerpt":{"rendered":"<p>La Locanda offers a unique blend of comfort, convenience, and local charm, making it the perfect choice for travelers seeking a memorable stay in Bangkok. Welcome to La Locanda, a charming and cozy retreat nestled in the heart of Bangkok, Thailand. Located in the vibrant Chinatown district, La Locanda is the perfect choice for travelers [&hellip;]<\/p>\n","protected":false},"author":1,"featured_media":0,"parent":0,"menu_order":0,"comment_status":"closed","ping_status":"closed","template":"","meta":{"footnotes":""},"class_list":["post-5266","page","type-page","status-publish","hentry","post-no-thumbnail"],"_links":{"self":[{"href":"https:\/\/lalocandabangkok.com\/de\/wp-json\/wp\/v2\/pages\/5266","targetHints":{"allow":["GET"]}}],"collection":[{"href":"https:\/\/lalocandabangkok.com\/de\/wp-json\/wp\/v2\/pages"}],"about":[{"href":"https:\/\/lalocandabangkok.com\/de\/wp-json\/wp\/v2\/types\/page"}],"author":[{"embeddable":true,"href":"https:\/\/lalocandabangkok.com\/de\/wp-json\/wp\/v2\/users\/1"}],"replies":[{"embeddable":true,"href":"https:\/\/lalocandabangkok.com\/de\/wp-json\/wp\/v2\/comments?post=5266"}],"version-history":[{"count":0,"href":"https:\/\/lalocandabangkok.com\/de\/wp-json\/wp\/v2\/pages\/5266\/revisions"}],"wp:attachment":[{"href":"https:\/\/lalocandabangkok.com\/de\/wp-json\/wp\/v2\/media?parent=5266"}],"curies":[{"name":"wp","href":"https:\/\/api.w.org\/{rel}","templated":true}]}}