{"id":5712,"date":"2024-03-20T17:15:00","date_gmt":"2024-03-20T17:15:00","guid":{"rendered":"https:\/\/lalocandabangkok.com\/?page_id=5712"},"modified":"2024-10-02T02:08:34","modified_gmt":"2024-10-02T02:08:34","slug":"kundenbewertungen","status":"publish","type":"page","link":"https:\/\/lalocandabangkok.com\/de\/kundenbewertungen\/","title":{"rendered":"Kundenrezensionen"},"content":{"rendered":"<div data-elementor-type=\"wp-page\" data-elementor-id=\"5712\" class=\"elementor elementor-5712\">\n\t\t\t\t<div class=\"elementor-element elementor-element-710980bc e-flex e-con-boxed e-con e-parent\" data-id=\"710980bc\" data-element_type=\"container\" data-e-type=\"container\">\n\t\t\t\t\t<div class=\"e-con-inner\">\n\t\t\t\t<div class=\"elementor-element elementor-element-e454351 elementor-widget elementor-widget-text-editor\" data-id=\"e454351\" data-element_type=\"widget\" data-e-type=\"widget\" data-widget_type=\"text-editor.default\">\n\t\t\t\t<div class=\"elementor-widget-container\">\n\t\t\t\t\t\t\t\t\t\n<p><strong>TripAdvisor-Bewertungen:<\/strong><\/p>\n\n\n\n<ol class=\"wp-block-list\">\n<li>\u201eLa Locanda bietet einen gem\u00fctlichen und komfortablen Aufenthalt mit sauberen Zimmern und einer g\u00fcnstigen Lage in der N\u00e4he von Verkehrsanbindungen.\u201c<\/li>\n\n\n\n<li>\u201eDas Personal im La Locanda ist unglaublich gastfreundlich und sorgt f\u00fcr ein unvergessliches Erlebnis im Herzen von Bangkok.\u201c<\/li>\n\n\n\n<li>\u201eLa Locanda ist ein verstecktes Juwel und bietet einen ruhigen R\u00fcckzugsort inmitten des Trubels der Stadt.\u201c<\/li>\n\n\n\n<li>\u201eMit seiner charmanten Einrichtung und dem aufmerksamen Service ist La Locanda eine Top-Wahl f\u00fcr Reisende.\u201c<\/li>\n\n\n\n<li>\u201eDie G\u00e4ste sch\u00e4tzen das Boutique-Ambiente von La Locanda und bemerken seinen einzigartigen Charakter und die hervorragenden Annehmlichkeiten.\u201c<\/li>\n<\/ol>\n\n\n\n<p><strong>Booking.com-Bewertungen:<\/strong>\u00a0<\/p>\n\n\n\n<p>6. \u201eLa Locanda bietet eine tolle Lage, eine ruhige Atmosph\u00e4re und ein sch\u00f6nes Fr\u00fchst\u00fcck. Gutes Preis-Leistungs-Verh\u00e4ltnis!\u201c\u00a0<\/p>\n\n\n\n<p>7. \u201eBesucher lieben die bequemen Betten und die erstklassige Lage, die La Locanda zu einem gro\u00dfartigen Ort zum Ausruhen und Erkunden machen.\u201c<\/p>\n\n\n\n<p>8. \u201eDie N\u00e4he des Hotels zu Chinatown und den \u00f6ffentlichen Verkehrsmitteln wird von G\u00e4sten, die gerne die Stadt erkunden, sehr gelobt.\u201c<\/p>\n\n\n\n<p>9. \u201eDie famili\u00e4re Atmosph\u00e4re und das wunderbare Fr\u00fchst\u00fccksangebot im La Locanda werden von unseren G\u00e4sten in den h\u00f6chsten T\u00f6nen gelobt.\u201c<\/p>\n\n\n\n<p>10. \u201eReisende loben La Locanda f\u00fcr seine sch\u00f6ne Lage und die ruhige, entspannende Umgebung, die es bietet.\u201c<\/p>\n\n\n\n<p>Diese Bewertungen unterstreichen die positiven Erfahrungen der G\u00e4ste im La Locanda und loben die Lage, den Komfort und den Service.<\/p>\n\t\t\t\t\t\t\t\t<\/div>\n\t\t\t\t<\/div>\n\t\t\t\t\t<\/div>\n\t\t\t\t<\/div>\n\t\t\t\t<section class=\"elementor-section elementor-top-section elementor-element elementor-element-2f13efaf elementor-section-stretched elementor-section-boxed elementor-section-gap-beside-yes elementor-section-height-default elementor-section-height-default elementor-section-column-vertical-align-stretch\" data-id=\"2f13efaf\" data-element_type=\"section\" data-e-type=\"section\" data-settings=\"{&quot;background_background&quot;:&quot;classic&quot;,&quot;stretch_section&quot;:&quot;section-stretched&quot;}\">\n\t\t\t\t\t\t<div class=\"elementor-container elementor-column-gap-extended\">\n\t\t\t\t\t<div class=\"elementor-column elementor-col-100 elementor-top-column elementor-element elementor-element-265dfe0c\" data-id=\"265dfe0c\" data-element_type=\"column\" data-e-type=\"column\">\n\t\t\t<div class=\"elementor-widget-wrap elementor-element-populated\">\n\t\t\t\t\t\t<div class=\"elementor-element elementor-element-59a0b755 elementor-widget elementor-widget-heading\" data-id=\"59a0b755\" data-element_type=\"widget\" data-e-type=\"widget\" data-widget_type=\"heading.default\">\n\t\t\t\t<div class=\"elementor-widget-container\">\n\t\t\t\t\t<h2 class=\"elementor-heading-title elementor-size-default\">Sehenswerte Reiseziele in Thailand<\/h2>\t\t\t\t<\/div>\n\t\t\t\t<\/div>\n\t\t\t\t<div class=\"elementor-element elementor-element-67915a4c elementor-widget elementor-widget-nuss-client-logo\" data-id=\"67915a4c\" data-element_type=\"widget\" data-e-type=\"widget\" data-widget_type=\"nuss-client-logo.default\">\n\t\t\t\t<div class=\"elementor-widget-container\">\n\t\t\t\t\t\t\t<div class=\"nuss-client-logo\">\r\n\t\t\t<div class=\"nuss-grid flex-item\">\r\n\t\t\t\t\t\t\t<div class=\"grid-item elementor-repeater-item-1972798\">\r\n\t\t\t\t\t\t<div class=\"item\">\r\n\r\n\t\t\t\t\t\t<a href=\"https:\/\/www.trip.com\/t\/IdNkN7k7MX1\" target=\"_blank\" rel=\"nofollow noopener\">\r\n\t\t\t\t\r\n\t\t\t\t<div class=\"image\">\r\n\t\t\t\t\t<img decoding=\"async\" src=\"https:\/\/lalocandabangkok.com\/wp-content\/uploads\/2024\/01\/Chiang-Mai.jpg\"\r\n\t\t\t\t\t     alt=\"Kundenlogo\">\r\n\t\t\t\t<\/div>\r\n\r\n\t\t\t\t\t\t\t<\/a>\r\n\t\t\t\t<\/div>\r\n\t\t\t\t\t<\/div>\r\n\t\t\t\t\t<div class=\"grid-item elementor-repeater-item-e7f8e4c\">\r\n\t\t\t\t\t\t<div class=\"item\">\r\n\r\n\t\t\t\t\t\t<a href=\"https:\/\/www.trip.com\/t\/2rYasll7MX1\" target=\"_blank\" rel=\"nofollow noopener\">\r\n\t\t\t\t\r\n\t\t\t\t<div class=\"image\">\r\n\t\t\t\t\t<img decoding=\"async\" src=\"https:\/\/lalocandabangkok.com\/wp-content\/uploads\/2024\/01\/Pattaya-1.jpg\"\r\n\t\t\t\t\t     alt=\"Kundenlogo\">\r\n\t\t\t\t<\/div>\r\n\r\n\t\t\t\t\t\t\t<\/a>\r\n\t\t\t\t<\/div>\r\n\t\t\t\t\t<\/div>\r\n\t\t\t\t\t<div class=\"grid-item elementor-repeater-item-15b9c6b\">\r\n\t\t\t\t\t\t<div class=\"item\">\r\n\r\n\t\t\t\t\t\t<a href=\"https:\/\/www.trip.com\/t\/YR5YfGn7MX1\" target=\"_blank\" rel=\"nofollow noopener\">\r\n\t\t\t\t\r\n\t\t\t\t<div class=\"image\">\r\n\t\t\t\t\t<img decoding=\"async\" src=\"https:\/\/lalocandabangkok.com\/wp-content\/uploads\/2024\/01\/Phuket-Town.jpg\"\r\n\t\t\t\t\t     alt=\"Kundenlogo\">\r\n\t\t\t\t<\/div>\r\n\r\n\t\t\t\t\t\t\t<\/a>\r\n\t\t\t\t<\/div>\r\n\t\t\t\t\t<\/div>\r\n\t\t\t\t\t<div class=\"grid-item elementor-repeater-item-8e8f119\">\r\n\t\t\t\t\t\t<div class=\"item\">\r\n\r\n\t\t\t\t\t\t<a href=\"https:\/\/www.trip.com\/t\/Q7PqDDp7MX1\" target=\"_blank\" rel=\"nofollow noopener\">\r\n\t\t\t\t\r\n\t\t\t\t<div class=\"image\">\r\n\t\t\t\t\t<img decoding=\"async\" src=\"https:\/\/lalocandabangkok.com\/wp-content\/uploads\/2024\/01\/Jomtien-Beach.jpg\"\r\n\t\t\t\t\t     alt=\"Kundenlogo\">\r\n\t\t\t\t<\/div>\r\n\r\n\t\t\t\t\t\t\t<\/a>\r\n\t\t\t\t<\/div>\r\n\t\t\t\t\t<\/div>\r\n\t\t\t\t\t<\/div>\r\n\t\t<\/div>\r\n\t\t\t\t\t\t<\/div>\n\t\t\t\t<\/div>\n\t\t\t\t\t<\/div>\n\t\t<\/div>\n\t\t\t\t\t<\/div>\n\t\t<\/section>\n\t\t<div class=\"elementor-element elementor-element-b8c310a e-flex e-con-boxed e-con e-parent\" data-id=\"b8c310a\" data-element_type=\"container\" data-e-type=\"container\">\n\t\t\t\t\t<div class=\"e-con-inner\">\n\t\t\t\t<div class=\"elementor-element elementor-element-1f7aa21 elementor-widget elementor-widget-text-editor\" data-id=\"1f7aa21\" data-element_type=\"widget\" data-e-type=\"widget\" data-widget_type=\"text-editor.default\">\n\t\t\t\t<div class=\"elementor-widget-container\">\n\t\t\t\t\t\t\t\t\t<div data-gyg-widget=\"auto\" data-gyg-partner-id=\"1HQ2Z79\"><\/div>\t\t\t\t\t\t\t\t<\/div>\n\t\t\t\t<\/div>\n\t\t\t\t\t<\/div>\n\t\t\t\t<\/div>\n\t\t\t\t<\/div>","protected":false},"excerpt":{"rendered":"<p>TripAdvisor Reviews: Booking.com Reviews:\u00a0 6. &#8220;La Locanda boasts a great location, quiet atmosphere, and a nice breakfast.\u00a0Good value for money!&#8221;\u00a0 7.\u00a0&#8220;Visitors love the comfy beds and the top-notch location, making La Locanda a great place to rest and explore.&#8221; 8.\u00a0&#8220;The hotel\u2019s proximity to Chinatown and public transport is highly praised by guests who enjoy exploring [&hellip;]<\/p>\n","protected":false},"author":1,"featured_media":0,"parent":0,"menu_order":0,"comment_status":"closed","ping_status":"closed","template":"","meta":{"footnotes":""},"class_list":["post-5712","page","type-page","status-publish","hentry","post-no-thumbnail"],"_links":{"self":[{"href":"https:\/\/lalocandabangkok.com\/de\/wp-json\/wp\/v2\/pages\/5712","targetHints":{"allow":["GET"]}}],"collection":[{"href":"https:\/\/lalocandabangkok.com\/de\/wp-json\/wp\/v2\/pages"}],"about":[{"href":"https:\/\/lalocandabangkok.com\/de\/wp-json\/wp\/v2\/types\/page"}],"author":[{"embeddable":true,"href":"https:\/\/lalocandabangkok.com\/de\/wp-json\/wp\/v2\/users\/1"}],"replies":[{"embeddable":true,"href":"https:\/\/lalocandabangkok.com\/de\/wp-json\/wp\/v2\/comments?post=5712"}],"version-history":[{"count":0,"href":"https:\/\/lalocandabangkok.com\/de\/wp-json\/wp\/v2\/pages\/5712\/revisions"}],"wp:attachment":[{"href":"https:\/\/lalocandabangkok.com\/de\/wp-json\/wp\/v2\/media?parent=5712"}],"curies":[{"name":"wp","href":"https:\/\/api.w.org\/{rel}","templated":true}]}}