{"id":5699,"date":"2024-03-20T17:02:10","date_gmt":"2024-03-20T17:02:10","guid":{"rendered":"https:\/\/lalocandabangkok.com\/?page_id=5699"},"modified":"2024-10-02T02:07:49","modified_gmt":"2024-10-02T02:07:49","slug":"ubicacion-y-como-llegar-a-la-locanda","status":"publish","type":"page","link":"https:\/\/lalocandabangkok.com\/es\/ubicacion-y-como-llegar-a-la-locanda\/","title":{"rendered":"Ubicaci\u00f3n y c\u00f3mo llegar \u2013 La Locanda"},"content":{"rendered":"<div data-elementor-type=\"wp-page\" data-elementor-id=\"5699\" class=\"elementor elementor-5699\">\n\t\t\t\t<div class=\"elementor-element elementor-element-11abfe89 e-flex e-con-boxed e-con e-parent\" data-id=\"11abfe89\" data-element_type=\"container\" data-e-type=\"container\">\n\t\t\t\t\t<div class=\"e-con-inner\">\n\t\t\t\t<div class=\"elementor-element elementor-element-e265c72 elementor-widget elementor-widget-text-editor\" data-id=\"e265c72\" data-element_type=\"widget\" data-e-type=\"widget\" data-widget_type=\"text-editor.default\">\n\t\t\t\t<div class=\"elementor-widget-container\">\n\t\t\t\t\t\t\t\t\t<script async src=\"https:\/\/tp.media\/content?currency=usd&#038;trs=310992&#038;shmarker=517458&#038;search_host=search.hotellook.com&#038;locale=en&#038;powered_by=true&#038;draggable=true&#038;disable_zoom=false&#038;show_logo=true&#038;scrollwheel=false&#038;color=%2307AF61&#038;contrast_color=%23ffffff&#038;width=1200&#038;height=500&#038;lat=13.758879&#038;lng=100.497358&#038;zoom=14&#038;radius=60&#038;stars=0&#038;rating_from=0&#038;rating_to=10&#038;promo_id=4285&#038;campaign_id=101\" charset=\"utf-8\"><\/script>\t\t\t\t\t\t\t\t<\/div>\n\t\t\t\t<\/div>\n\t\t\t\t<div class=\"elementor-element elementor-element-5f44667b elementor-widget elementor-widget-text-editor\" data-id=\"5f44667b\" data-element_type=\"widget\" data-e-type=\"widget\" data-widget_type=\"text-editor.default\">\n\t\t\t\t<div class=\"elementor-widget-container\">\n\t\t\t\t\t\t\t\t\t\n<h2 class=\"wp-block-heading\">La ubicaci\u00f3n de La Locanda<\/h2>\n\n<p>La Locanda es un hotel boutique que ofrece una combinaci\u00f3n \u00fanica de comodidad y conveniencia en la vibrante ciudad de Bangkok. Situado en el distrito de Pom Prap Sattru Phai, el hotel est\u00e1 a poca distancia de la estaci\u00f3n de tren de Bangkok y de la estaci\u00f3n de MRT de Hua Lamphong, lo que lo convierte en una base ideal para explorar la ciudad. La ubicaci\u00f3n del hotel en Soi Phantha Chit 2 ofrece a los hu\u00e9spedes un f\u00e1cil acceso a algunos de los lugares de inter\u00e9s cultural m\u00e1s famosos de Bangkok, a los bulliciosos mercados y a las deliciosas opciones de comida callejera. Tanto si se encuentra en la ciudad por negocios como por placer, la ubicaci\u00f3n privilegiada de La Locanda garantiza una estancia memorable en la capital de Tailandia.<\/p>\n\n<h2 class=\"wp-block-heading\">C\u00f3mo llegar \u2013 La Locanda Bangkok Habitaciones y comida<\/h2>\n\n<p>Para llegar a La Locanda en Bangkok, los viajeros pueden seguir estas pautas detalladas:<\/p>\n\n<ol class=\"wp-block-list\">\n<li><strong>Desde el aeropuerto de Suvarnabhumi (BKK):<\/strong>\n<ul class=\"wp-block-list\">\n<li>Tome el Airport Rail Link hasta la estaci\u00f3n Makkasan.<\/li>\n\n<li>Transbordo a la l\u00ednea azul del MRT en la estaci\u00f3n Phetchaburi.<\/li>\n\n<li>B\u00e1jese en la estaci\u00f3n MRT Hua Lamphong.<\/li>\n\n<li>La Locanda est\u00e1 a unos 650 metros de la estaci\u00f3n.<\/li>\n<\/ul>\n<\/li>\n\n<li><strong>Desde el aeropuerto Don Mueang (DMK):<\/strong>\n<ul class=\"wp-block-list\">\n<li>Tome un taxi directamente al hotel, o<\/li>\n\n<li>Tome el autob\u00fas A1 hasta la estaci\u00f3n BTS de Mo Chit y luego tome el BTS hasta la estaci\u00f3n Siam.<\/li>\n\n<li>Transfiera a la l\u00ednea azul de MRT y siga los pasos anteriores desde la estaci\u00f3n de MRT de Hua Lamphong.<\/li>\n<\/ul>\n<\/li>\n\n<li><strong>En tren:<\/strong>\n<ul class=\"wp-block-list\">\n<li>Llegada a la estaci\u00f3n de tren de Bangkok (Hua Lamphong).<\/li>\n\n<li>El hotel est\u00e1 a pocos pasos de la estaci\u00f3n, ubicado en Soi Phantha Chit 2.<\/li>\n<\/ul>\n<\/li>\n\n<li><strong>En autob\u00fas:<\/strong>\n<ul class=\"wp-block-list\">\n<li>La parada de autob\u00fas m\u00e1s cercana es la 35, que est\u00e1 a s\u00f3lo 250 metros del hotel.<\/li>\n<\/ul>\n<\/li>\n\n<li><strong>En coche:<\/strong>\n<ul class=\"wp-block-list\">\n<li>Configure su GPS en la siguiente direcci\u00f3n: Soi Phantha Chit 2 40\/42, Pom Prap, Pom Prap Sattru Phai, Bangkok, 10100.<\/li>\n\n<li>Hay aparcamiento privado disponible en el hotel.<\/li>\n<\/ul>\n<\/li>\n<\/ol>\n\n<p>Para mayor comodidad, puede considerar reservar un taxi o utilizar aplicaciones de viajes compartidos para llegar al hotel directamente desde cualquier punto de la ciudad. Aseg\u00farese siempre de consultar las \u00faltimas recomendaciones de viaje locales y los horarios de transporte.<\/p>\n\t\t\t\t\t\t\t\t<\/div>\n\t\t\t\t<\/div>\n\t\t\t\t\t<\/div>\n\t\t\t\t<\/div>\n\t\t\t\t<section class=\"elementor-section elementor-top-section elementor-element elementor-element-4459db86 elementor-section-stretched elementor-section-boxed elementor-section-gap-beside-yes elementor-section-height-default elementor-section-height-default elementor-section-column-vertical-align-stretch\" data-id=\"4459db86\" data-element_type=\"section\" data-e-type=\"section\" data-settings=\"{&quot;background_background&quot;:&quot;classic&quot;,&quot;stretch_section&quot;:&quot;section-stretched&quot;}\">\n\t\t\t\t\t\t<div class=\"elementor-container elementor-column-gap-extended\">\n\t\t\t\t\t<div class=\"elementor-column elementor-col-100 elementor-top-column elementor-element elementor-element-15539ec9\" data-id=\"15539ec9\" data-element_type=\"column\" data-e-type=\"column\">\n\t\t\t<div class=\"elementor-widget-wrap elementor-element-populated\">\n\t\t\t\t\t\t<div class=\"elementor-element elementor-element-c4b9f0f elementor-widget elementor-widget-heading\" data-id=\"c4b9f0f\" data-element_type=\"widget\" data-e-type=\"widget\" data-widget_type=\"heading.default\">\n\t\t\t\t<div class=\"elementor-widget-container\">\n\t\t\t\t\t<h2 class=\"elementor-heading-title elementor-size-default\">Destinos imprescindibles en Tailandia<\/h2>\t\t\t\t<\/div>\n\t\t\t\t<\/div>\n\t\t\t\t<div class=\"elementor-element elementor-element-416a51cc elementor-widget elementor-widget-nuss-client-logo\" data-id=\"416a51cc\" data-element_type=\"widget\" data-e-type=\"widget\" data-widget_type=\"nuss-client-logo.default\">\n\t\t\t\t<div class=\"elementor-widget-container\">\n\t\t\t\t\t\t\t<div class=\"nuss-client-logo\">\r\n\t\t\t<div class=\"nuss-grid flex-item\">\r\n\t\t\t\t\t\t\t<div class=\"grid-item elementor-repeater-item-1972798\">\r\n\t\t\t\t\t\t<div class=\"item\">\r\n\r\n\t\t\t\t\t\t<a href=\"https:\/\/www.trip.com\/t\/IdNkN7k7MX1\" target=\"_blank\" rel=\"nofollow noopener\">\r\n\t\t\t\t\r\n\t\t\t\t<div class=\"image\">\r\n\t\t\t\t\t<img decoding=\"async\" src=\"https:\/\/lalocandabangkok.com\/wp-content\/uploads\/2024\/01\/Chiang-Mai.jpg\"\r\n\t\t\t\t\t     alt=\"Logotipo del cliente\">\r\n\t\t\t\t<\/div>\r\n\r\n\t\t\t\t\t\t\t<\/a>\r\n\t\t\t\t<\/div>\r\n\t\t\t\t\t<\/div>\r\n\t\t\t\t\t<div class=\"grid-item elementor-repeater-item-e7f8e4c\">\r\n\t\t\t\t\t\t<div class=\"item\">\r\n\r\n\t\t\t\t\t\t<a href=\"https:\/\/www.trip.com\/t\/2rYasll7MX1\" target=\"_blank\" rel=\"nofollow noopener\">\r\n\t\t\t\t\r\n\t\t\t\t<div class=\"image\">\r\n\t\t\t\t\t<img decoding=\"async\" src=\"https:\/\/lalocandabangkok.com\/wp-content\/uploads\/2024\/01\/Pattaya-1.jpg\"\r\n\t\t\t\t\t     alt=\"Logotipo del cliente\">\r\n\t\t\t\t<\/div>\r\n\r\n\t\t\t\t\t\t\t<\/a>\r\n\t\t\t\t<\/div>\r\n\t\t\t\t\t<\/div>\r\n\t\t\t\t\t<div class=\"grid-item elementor-repeater-item-15b9c6b\">\r\n\t\t\t\t\t\t<div class=\"item\">\r\n\r\n\t\t\t\t\t\t<a href=\"https:\/\/www.trip.com\/t\/YR5YfGn7MX1\" target=\"_blank\" rel=\"nofollow noopener\">\r\n\t\t\t\t\r\n\t\t\t\t<div class=\"image\">\r\n\t\t\t\t\t<img decoding=\"async\" src=\"https:\/\/lalocandabangkok.com\/wp-content\/uploads\/2024\/01\/Phuket-Town.jpg\"\r\n\t\t\t\t\t     alt=\"Logotipo del cliente\">\r\n\t\t\t\t<\/div>\r\n\r\n\t\t\t\t\t\t\t<\/a>\r\n\t\t\t\t<\/div>\r\n\t\t\t\t\t<\/div>\r\n\t\t\t\t\t<div class=\"grid-item elementor-repeater-item-8e8f119\">\r\n\t\t\t\t\t\t<div class=\"item\">\r\n\r\n\t\t\t\t\t\t<a href=\"https:\/\/www.trip.com\/t\/Q7PqDDp7MX1\" target=\"_blank\" rel=\"nofollow noopener\">\r\n\t\t\t\t\r\n\t\t\t\t<div class=\"image\">\r\n\t\t\t\t\t<img decoding=\"async\" src=\"https:\/\/lalocandabangkok.com\/wp-content\/uploads\/2024\/01\/Jomtien-Beach.jpg\"\r\n\t\t\t\t\t     alt=\"Logotipo del cliente\">\r\n\t\t\t\t<\/div>\r\n\r\n\t\t\t\t\t\t\t<\/a>\r\n\t\t\t\t<\/div>\r\n\t\t\t\t\t<\/div>\r\n\t\t\t\t\t<\/div>\r\n\t\t<\/div>\r\n\t\t\t\t\t\t<\/div>\n\t\t\t\t<\/div>\n\t\t\t\t\t<\/div>\n\t\t<\/div>\n\t\t\t\t\t<\/div>\n\t\t<\/section>\n\t\t<div class=\"elementor-element elementor-element-8af590e e-flex e-con-boxed e-con e-parent\" data-id=\"8af590e\" data-element_type=\"container\" data-e-type=\"container\">\n\t\t\t\t\t<div class=\"e-con-inner\">\n\t\t\t\t<div class=\"elementor-element elementor-element-ec2039b elementor-widget elementor-widget-text-editor\" data-id=\"ec2039b\" data-element_type=\"widget\" data-e-type=\"widget\" data-widget_type=\"text-editor.default\">\n\t\t\t\t<div class=\"elementor-widget-container\">\n\t\t\t\t\t\t\t\t\t<div data-gyg-widget=\"auto\" data-gyg-partner-id=\"1HQ2Z79\"><\/div>\t\t\t\t\t\t\t\t<\/div>\n\t\t\t\t<\/div>\n\t\t\t\t\t<\/div>\n\t\t\t\t<\/div>\n\t\t\t\t<\/div>","protected":false},"excerpt":{"rendered":"<p>The location of La Locanda La Locanda is a boutique hotel that offers a unique blend of comfort and convenience in the vibrant city of Bangkok.\u00a0Situated in the Pom Prap Sattru Phai district, the hotel is just a short distance from the Bangkok Railway Station and Hua Lamphong MRT Station, making it an ideal base [&hellip;]<\/p>\n","protected":false},"author":1,"featured_media":5702,"parent":0,"menu_order":0,"comment_status":"closed","ping_status":"closed","template":"","meta":{"footnotes":""},"class_list":["post-5699","page","type-page","status-publish","has-post-thumbnail","hentry"],"_links":{"self":[{"href":"https:\/\/lalocandabangkok.com\/es\/wp-json\/wp\/v2\/pages\/5699","targetHints":{"allow":["GET"]}}],"collection":[{"href":"https:\/\/lalocandabangkok.com\/es\/wp-json\/wp\/v2\/pages"}],"about":[{"href":"https:\/\/lalocandabangkok.com\/es\/wp-json\/wp\/v2\/types\/page"}],"author":[{"embeddable":true,"href":"https:\/\/lalocandabangkok.com\/es\/wp-json\/wp\/v2\/users\/1"}],"replies":[{"embeddable":true,"href":"https:\/\/lalocandabangkok.com\/es\/wp-json\/wp\/v2\/comments?post=5699"}],"version-history":[{"count":0,"href":"https:\/\/lalocandabangkok.com\/es\/wp-json\/wp\/v2\/pages\/5699\/revisions"}],"wp:featuredmedia":[{"embeddable":true,"href":"https:\/\/lalocandabangkok.com\/es\/wp-json\/wp\/v2\/media\/5702"}],"wp:attachment":[{"href":"https:\/\/lalocandabangkok.com\/es\/wp-json\/wp\/v2\/media?parent=5699"}],"curies":[{"name":"gracias","href":"https:\/\/api.w.org\/{rel}","templated":true}]}}