{"id":5712,"date":"2024-03-20T17:15:00","date_gmt":"2024-03-20T17:15:00","guid":{"rendered":"https:\/\/lalocandabangkok.com\/?page_id=5712"},"modified":"2024-10-02T02:08:34","modified_gmt":"2024-10-02T02:08:34","slug":"opiniones-de-clientes","status":"publish","type":"page","link":"https:\/\/lalocandabangkok.com\/es\/opiniones-de-clientes\/","title":{"rendered":"Rese\u00f1as de clientes"},"content":{"rendered":"<div data-elementor-type=\"wp-page\" data-elementor-id=\"5712\" class=\"elementor elementor-5712\">\n\t\t\t\t<div class=\"elementor-element elementor-element-710980bc e-flex e-con-boxed e-con e-parent\" data-id=\"710980bc\" data-element_type=\"container\" data-e-type=\"container\">\n\t\t\t\t\t<div class=\"e-con-inner\">\n\t\t\t\t<div class=\"elementor-element elementor-element-e454351 elementor-widget elementor-widget-text-editor\" data-id=\"e454351\" data-element_type=\"widget\" data-e-type=\"widget\" data-widget_type=\"text-editor.default\">\n\t\t\t\t<div class=\"elementor-widget-container\">\n\t\t\t\t\t\t\t\t\t\n<p><strong>Rese\u00f1as de TripAdvisor:<\/strong><\/p>\n\n\n\n<ol class=\"wp-block-list\">\n<li>\u201cLa Locanda ofrece una estancia acogedora y confortable, con habitaciones limpias y una ubicaci\u00f3n conveniente cerca de conexiones de transporte\u201d.<\/li>\n\n\n\n<li>\u201cEl personal de La Locanda es incre\u00edblemente acogedor, lo que garantiza una experiencia memorable en el coraz\u00f3n de Bangkok\u201d.<\/li>\n\n\n\n<li>\u201cUna joya escondida, La Locanda ofrece un refugio tranquilo en medio del bullicio de la ciudad\u201d.<\/li>\n\n\n\n<li>\u201cCon su encantadora decoraci\u00f3n y su atento servicio, La Locanda destaca como una excelente opci\u00f3n para los viajeros\u201d.<\/li>\n\n\n\n<li>\u201cLos hu\u00e9spedes aprecian el ambiente boutique de La Locanda, destacando su car\u00e1cter \u00fanico y sus excelentes comodidades\u201d.<\/li>\n<\/ol>\n\n\n\n<p><strong>Rese\u00f1as de Booking.com:<\/strong>\u00a0<\/p>\n\n\n\n<p>6. \u201cLa Locanda cuenta con una excelente ubicaci\u00f3n, un ambiente tranquilo y un buen desayuno. \u00a1Buena relaci\u00f3n calidad-precio!\u201d\u00a0<\/p>\n\n\n\n<p>7. \u201cA los visitantes les encantan las c\u00f3modas camas y la ubicaci\u00f3n de primer nivel, lo que hace de La Locanda un gran lugar para descansar y explorar\u201d.<\/p>\n\n\n\n<p>8. \u201cLa proximidad del hotel a Chinatown y al transporte p\u00fablico es muy valorada por los hu\u00e9spedes que disfrutan explorando la ciudad\u201d.<\/p>\n\n\n\n<p>9. \u201cEl ambiente familiar de La Locanda y su delicioso desayuno reciben comentarios muy elogiosos de los hu\u00e9spedes\u201d.<\/p>\n\n\n\n<p>10. \u201cLos viajeros elogian La Locanda por su agradable ubicaci\u00f3n y el ambiente tranquilo y relajante que ofrece\u201d.<\/p>\n\n\n\n<p>Estas rese\u00f1as destacan las experiencias positivas de los hu\u00e9spedes en La Locanda, elogiando su ubicaci\u00f3n, comodidad y servicio.<\/p>\n\t\t\t\t\t\t\t\t<\/div>\n\t\t\t\t<\/div>\n\t\t\t\t\t<\/div>\n\t\t\t\t<\/div>\n\t\t\t\t<section class=\"elementor-section elementor-top-section elementor-element elementor-element-2f13efaf elementor-section-stretched elementor-section-boxed elementor-section-gap-beside-yes elementor-section-height-default elementor-section-height-default elementor-section-column-vertical-align-stretch\" data-id=\"2f13efaf\" data-element_type=\"section\" data-e-type=\"section\" data-settings=\"{&quot;background_background&quot;:&quot;classic&quot;,&quot;stretch_section&quot;:&quot;section-stretched&quot;}\">\n\t\t\t\t\t\t<div class=\"elementor-container elementor-column-gap-extended\">\n\t\t\t\t\t<div class=\"elementor-column elementor-col-100 elementor-top-column elementor-element elementor-element-265dfe0c\" data-id=\"265dfe0c\" data-element_type=\"column\" data-e-type=\"column\">\n\t\t\t<div class=\"elementor-widget-wrap elementor-element-populated\">\n\t\t\t\t\t\t<div class=\"elementor-element elementor-element-59a0b755 elementor-widget elementor-widget-heading\" data-id=\"59a0b755\" data-element_type=\"widget\" data-e-type=\"widget\" data-widget_type=\"heading.default\">\n\t\t\t\t<div class=\"elementor-widget-container\">\n\t\t\t\t\t<h2 class=\"elementor-heading-title elementor-size-default\">Destinos imprescindibles en Tailandia<\/h2>\t\t\t\t<\/div>\n\t\t\t\t<\/div>\n\t\t\t\t<div class=\"elementor-element elementor-element-67915a4c elementor-widget elementor-widget-nuss-client-logo\" data-id=\"67915a4c\" data-element_type=\"widget\" data-e-type=\"widget\" data-widget_type=\"nuss-client-logo.default\">\n\t\t\t\t<div class=\"elementor-widget-container\">\n\t\t\t\t\t\t\t<div class=\"nuss-client-logo\">\r\n\t\t\t<div class=\"nuss-grid flex-item\">\r\n\t\t\t\t\t\t\t<div class=\"grid-item elementor-repeater-item-1972798\">\r\n\t\t\t\t\t\t<div class=\"item\">\r\n\r\n\t\t\t\t\t\t<a href=\"https:\/\/www.trip.com\/t\/IdNkN7k7MX1\" target=\"_blank\" rel=\"nofollow noopener\">\r\n\t\t\t\t\r\n\t\t\t\t<div class=\"image\">\r\n\t\t\t\t\t<img decoding=\"async\" src=\"https:\/\/lalocandabangkok.com\/wp-content\/uploads\/2024\/01\/Chiang-Mai.jpg\"\r\n\t\t\t\t\t     alt=\"Logotipo del cliente\">\r\n\t\t\t\t<\/div>\r\n\r\n\t\t\t\t\t\t\t<\/a>\r\n\t\t\t\t<\/div>\r\n\t\t\t\t\t<\/div>\r\n\t\t\t\t\t<div class=\"grid-item elementor-repeater-item-e7f8e4c\">\r\n\t\t\t\t\t\t<div class=\"item\">\r\n\r\n\t\t\t\t\t\t<a href=\"https:\/\/www.trip.com\/t\/2rYasll7MX1\" target=\"_blank\" rel=\"nofollow noopener\">\r\n\t\t\t\t\r\n\t\t\t\t<div class=\"image\">\r\n\t\t\t\t\t<img decoding=\"async\" src=\"https:\/\/lalocandabangkok.com\/wp-content\/uploads\/2024\/01\/Pattaya-1.jpg\"\r\n\t\t\t\t\t     alt=\"Logotipo del cliente\">\r\n\t\t\t\t<\/div>\r\n\r\n\t\t\t\t\t\t\t<\/a>\r\n\t\t\t\t<\/div>\r\n\t\t\t\t\t<\/div>\r\n\t\t\t\t\t<div class=\"grid-item elementor-repeater-item-15b9c6b\">\r\n\t\t\t\t\t\t<div class=\"item\">\r\n\r\n\t\t\t\t\t\t<a href=\"https:\/\/www.trip.com\/t\/YR5YfGn7MX1\" target=\"_blank\" rel=\"nofollow noopener\">\r\n\t\t\t\t\r\n\t\t\t\t<div class=\"image\">\r\n\t\t\t\t\t<img decoding=\"async\" src=\"https:\/\/lalocandabangkok.com\/wp-content\/uploads\/2024\/01\/Phuket-Town.jpg\"\r\n\t\t\t\t\t     alt=\"Logotipo del cliente\">\r\n\t\t\t\t<\/div>\r\n\r\n\t\t\t\t\t\t\t<\/a>\r\n\t\t\t\t<\/div>\r\n\t\t\t\t\t<\/div>\r\n\t\t\t\t\t<div class=\"grid-item elementor-repeater-item-8e8f119\">\r\n\t\t\t\t\t\t<div class=\"item\">\r\n\r\n\t\t\t\t\t\t<a href=\"https:\/\/www.trip.com\/t\/Q7PqDDp7MX1\" target=\"_blank\" rel=\"nofollow noopener\">\r\n\t\t\t\t\r\n\t\t\t\t<div class=\"image\">\r\n\t\t\t\t\t<img decoding=\"async\" src=\"https:\/\/lalocandabangkok.com\/wp-content\/uploads\/2024\/01\/Jomtien-Beach.jpg\"\r\n\t\t\t\t\t     alt=\"Logotipo del cliente\">\r\n\t\t\t\t<\/div>\r\n\r\n\t\t\t\t\t\t\t<\/a>\r\n\t\t\t\t<\/div>\r\n\t\t\t\t\t<\/div>\r\n\t\t\t\t\t<\/div>\r\n\t\t<\/div>\r\n\t\t\t\t\t\t<\/div>\n\t\t\t\t<\/div>\n\t\t\t\t\t<\/div>\n\t\t<\/div>\n\t\t\t\t\t<\/div>\n\t\t<\/section>\n\t\t<div class=\"elementor-element elementor-element-b8c310a e-flex e-con-boxed e-con e-parent\" data-id=\"b8c310a\" data-element_type=\"container\" data-e-type=\"container\">\n\t\t\t\t\t<div class=\"e-con-inner\">\n\t\t\t\t<div class=\"elementor-element elementor-element-1f7aa21 elementor-widget elementor-widget-text-editor\" data-id=\"1f7aa21\" data-element_type=\"widget\" data-e-type=\"widget\" data-widget_type=\"text-editor.default\">\n\t\t\t\t<div class=\"elementor-widget-container\">\n\t\t\t\t\t\t\t\t\t<div data-gyg-widget=\"auto\" data-gyg-partner-id=\"1HQ2Z79\"><\/div>\t\t\t\t\t\t\t\t<\/div>\n\t\t\t\t<\/div>\n\t\t\t\t\t<\/div>\n\t\t\t\t<\/div>\n\t\t\t\t<\/div>","protected":false},"excerpt":{"rendered":"<p>TripAdvisor Reviews: Booking.com Reviews:\u00a0 6. &#8220;La Locanda boasts a great location, quiet atmosphere, and a nice breakfast.\u00a0Good value for money!&#8221;\u00a0 7.\u00a0&#8220;Visitors love the comfy beds and the top-notch location, making La Locanda a great place to rest and explore.&#8221; 8.\u00a0&#8220;The hotel\u2019s proximity to Chinatown and public transport is highly praised by guests who enjoy exploring [&hellip;]<\/p>\n","protected":false},"author":1,"featured_media":0,"parent":0,"menu_order":0,"comment_status":"closed","ping_status":"closed","template":"","meta":{"footnotes":""},"class_list":["post-5712","page","type-page","status-publish","hentry","post-no-thumbnail"],"_links":{"self":[{"href":"https:\/\/lalocandabangkok.com\/es\/wp-json\/wp\/v2\/pages\/5712","targetHints":{"allow":["GET"]}}],"collection":[{"href":"https:\/\/lalocandabangkok.com\/es\/wp-json\/wp\/v2\/pages"}],"about":[{"href":"https:\/\/lalocandabangkok.com\/es\/wp-json\/wp\/v2\/types\/page"}],"author":[{"embeddable":true,"href":"https:\/\/lalocandabangkok.com\/es\/wp-json\/wp\/v2\/users\/1"}],"replies":[{"embeddable":true,"href":"https:\/\/lalocandabangkok.com\/es\/wp-json\/wp\/v2\/comments?post=5712"}],"version-history":[{"count":0,"href":"https:\/\/lalocandabangkok.com\/es\/wp-json\/wp\/v2\/pages\/5712\/revisions"}],"wp:attachment":[{"href":"https:\/\/lalocandabangkok.com\/es\/wp-json\/wp\/v2\/media?parent=5712"}],"curies":[{"name":"gracias","href":"https:\/\/api.w.org\/{rel}","templated":true}]}}