{"id":5699,"date":"2024-03-20T17:02:10","date_gmt":"2024-03-20T17:02:10","guid":{"rendered":"https:\/\/lalocandabangkok.com\/?page_id=5699"},"modified":"2024-10-02T02:07:49","modified_gmt":"2024-10-02T02:07:49","slug":"localisation-et-comment-sy-rendre-la-locanda","status":"publish","type":"page","link":"https:\/\/lalocandabangkok.com\/fr\/localisation-et-comment-sy-rendre-la-locanda\/","title":{"rendered":"Localisation et acc\u00e8s \u2013 La Locanda"},"content":{"rendered":"<div data-elementor-type=\"wp-page\" data-elementor-id=\"5699\" class=\"elementor elementor-5699\">\n\t\t\t\t<div class=\"elementor-element elementor-element-11abfe89 e-flex e-con-boxed e-con e-parent\" data-id=\"11abfe89\" data-element_type=\"container\" data-e-type=\"container\">\n\t\t\t\t\t<div class=\"e-con-inner\">\n\t\t\t\t<div class=\"elementor-element elementor-element-e265c72 elementor-widget elementor-widget-text-editor\" data-id=\"e265c72\" data-element_type=\"widget\" data-e-type=\"widget\" data-widget_type=\"text-editor.default\">\n\t\t\t\t<div class=\"elementor-widget-container\">\n\t\t\t\t\t\t\t\t\t<script async src=\"https:\/\/tp.media\/content?currency=usd&#038;trs=310992&#038;shmarker=517458&#038;search_host=search.hotellook.com&#038;locale=en&#038;powered_by=true&#038;draggable=true&#038;disable_zoom=false&#038;show_logo=true&#038;scrollwheel=false&#038;color=%2307AF61&#038;contrast_color=%23ffffff&#038;width=1200&#038;height=500&#038;lat=13.758879&#038;lng=100.497358&#038;zoom=14&#038;radius=60&#038;stars=0&#038;rating_from=0&#038;rating_to=10&#038;promo_id=4285&#038;campaign_id=101\" charset=\"utf-8\"><\/script>\t\t\t\t\t\t\t\t<\/div>\n\t\t\t\t<\/div>\n\t\t\t\t<div class=\"elementor-element elementor-element-5f44667b elementor-widget elementor-widget-text-editor\" data-id=\"5f44667b\" data-element_type=\"widget\" data-e-type=\"widget\" data-widget_type=\"text-editor.default\">\n\t\t\t\t<div class=\"elementor-widget-container\">\n\t\t\t\t\t\t\t\t\t\n<h2 class=\"wp-block-heading\">L&#039;emplacement de La Locanda<\/h2>\n\n<p>La Locanda est un h\u00f4tel-boutique offrant un m\u00e9lange unique de confort et de commodit\u00e9s dans la ville anim\u00e9e de Bangkok. Situ\u00e9 dans le quartier de Pom Prap Sattru Phai, l&#039;h\u00f4tel se trouve \u00e0 deux pas de la gare de Bangkok et de la station de MRT Hua Lamphong, ce qui en fait un point de d\u00e9part id\u00e9al pour explorer la ville. Son emplacement, \u00e0 Soi Phantha Chit 2, permet \u00e0 ses clients d&#039;acc\u00e9der facilement \u00e0 certains des sites culturels les plus c\u00e9l\u00e8bres de Bangkok, \u00e0 des march\u00e9s anim\u00e9s et \u00e0 de d\u00e9licieuses options de street food. Que vous soyez en voyage d&#039;affaires ou de loisirs, l&#039;emplacement privil\u00e9gi\u00e9 de La Locanda vous garantit un s\u00e9jour inoubliable dans la capitale tha\u00eflandaise.<\/p>\n\n<h2 class=\"wp-block-heading\">Comment s&#039;y rendre \u2013 La Locanda Bangkok Rooms&amp;Food<\/h2>\n\n<p>Pour rejoindre La Locanda \u00e0 Bangkok, les voyageurs peuvent suivre ces directives d\u00e9taill\u00e9es :<\/p>\n\n<ol class=\"wp-block-list\">\n<li><strong>Depuis l&#039;a\u00e9roport de Suvarnabhumi (BKK)\u00a0:<\/strong>\n<ul class=\"wp-block-list\">\n<li>Prenez le train de l&#039;a\u00e9roport jusqu&#039;\u00e0 la gare de Makkasan.<\/li>\n\n<li>Transfert vers la ligne bleue du MRT \u00e0 la station Phetchaburi.<\/li>\n\n<li>Descendez \u00e0 la station MRT Hua Lamphong.<\/li>\n\n<li>La Locanda se trouve \u00e0 environ 2133 pieds de la gare.<\/li>\n<\/ul>\n<\/li>\n\n<li><strong>Depuis l&#039;a\u00e9roport de Don Mueang (DMK) :<\/strong>\n<ul class=\"wp-block-list\">\n<li>Prenez un taxi directement jusqu&#039;\u00e0 l&#039;h\u00f4tel, ou<\/li>\n\n<li>Utilisez le bus A1 jusqu&#039;\u00e0 la station BTS Mo Chit, puis prenez le BTS jusqu&#039;\u00e0 la station Siam.<\/li>\n\n<li>Transf\u00e9rez vers la ligne bleue du MRT et suivez les \u00e9tapes ci-dessus depuis la station MRT Hua Lamphong.<\/li>\n<\/ul>\n<\/li>\n\n<li><strong>En train :<\/strong>\n<ul class=\"wp-block-list\">\n<li>Arriv\u00e9e \u00e0 la gare de Bangkok (Hua Lamphong).<\/li>\n\n<li>L&#039;h\u00f4tel se trouve \u00e0 quelques pas de la gare, situ\u00e9 \u00e0 Soi Phantha Chit 2.<\/li>\n<\/ul>\n<\/li>\n\n<li><strong>En bus :<\/strong>\n<ul class=\"wp-block-list\">\n<li>L&#039;arr\u00eat de bus le plus proche est le 35, situ\u00e9 \u00e0 seulement 250 m\u00e8tres de l&#039;h\u00f4tel.<\/li>\n<\/ul>\n<\/li>\n\n<li><strong>En voiture:<\/strong>\n<ul class=\"wp-block-list\">\n<li>R\u00e9glez votre GPS sur l&#039;adresse suivante : Soi Phantha Chit 2 40\/42, Pom Prap, Pom Prap Sattru Phai, Bangkok, 10100.<\/li>\n\n<li>Un parking priv\u00e9 est disponible \u00e0 l&#039;h\u00f4tel.<\/li>\n<\/ul>\n<\/li>\n<\/ol>\n\n<p>Pour plus de commodit\u00e9, vous pouvez r\u00e9server un taxi ou utiliser des applications de covoiturage pour rejoindre directement l&#039;h\u00f4tel depuis n&#039;importe quel point de la ville. Consultez toujours les derniers avis de voyage et les horaires des transports locaux.<\/p>\n\t\t\t\t\t\t\t\t<\/div>\n\t\t\t\t<\/div>\n\t\t\t\t\t<\/div>\n\t\t\t\t<\/div>\n\t\t\t\t<section class=\"elementor-section elementor-top-section elementor-element elementor-element-4459db86 elementor-section-stretched elementor-section-boxed elementor-section-gap-beside-yes elementor-section-height-default elementor-section-height-default elementor-section-column-vertical-align-stretch\" data-id=\"4459db86\" data-element_type=\"section\" data-e-type=\"section\" data-settings=\"{&quot;background_background&quot;:&quot;classic&quot;,&quot;stretch_section&quot;:&quot;section-stretched&quot;}\">\n\t\t\t\t\t\t<div class=\"elementor-container elementor-column-gap-extended\">\n\t\t\t\t\t<div class=\"elementor-column elementor-col-100 elementor-top-column elementor-element elementor-element-15539ec9\" data-id=\"15539ec9\" data-element_type=\"column\" data-e-type=\"column\">\n\t\t\t<div class=\"elementor-widget-wrap elementor-element-populated\">\n\t\t\t\t\t\t<div class=\"elementor-element elementor-element-c4b9f0f elementor-widget elementor-widget-heading\" data-id=\"c4b9f0f\" data-element_type=\"widget\" data-e-type=\"widget\" data-widget_type=\"heading.default\">\n\t\t\t\t<div class=\"elementor-widget-container\">\n\t\t\t\t\t<h2 class=\"elementor-heading-title elementor-size-default\">Destinations incontournables en Tha\u00eflande<\/h2>\t\t\t\t<\/div>\n\t\t\t\t<\/div>\n\t\t\t\t<div class=\"elementor-element elementor-element-416a51cc elementor-widget elementor-widget-nuss-client-logo\" data-id=\"416a51cc\" data-element_type=\"widget\" data-e-type=\"widget\" data-widget_type=\"nuss-client-logo.default\">\n\t\t\t\t<div class=\"elementor-widget-container\">\n\t\t\t\t\t\t\t<div class=\"nuss-client-logo\">\r\n\t\t\t<div class=\"nuss-grid flex-item\">\r\n\t\t\t\t\t\t\t<div class=\"grid-item elementor-repeater-item-1972798\">\r\n\t\t\t\t\t\t<div class=\"item\">\r\n\r\n\t\t\t\t\t\t<a href=\"https:\/\/www.trip.com\/t\/IdNkN7k7MX1\" target=\"_blank\" rel=\"nofollow noopener\">\r\n\t\t\t\t\r\n\t\t\t\t<div class=\"image\">\r\n\t\t\t\t\t<img decoding=\"async\" src=\"https:\/\/lalocandabangkok.com\/wp-content\/uploads\/2024\/01\/Chiang-Mai.jpg\"\r\n\t\t\t\t\t     alt=\"Logo du client\">\r\n\t\t\t\t<\/div>\r\n\r\n\t\t\t\t\t\t\t<\/a>\r\n\t\t\t\t<\/div>\r\n\t\t\t\t\t<\/div>\r\n\t\t\t\t\t<div class=\"grid-item elementor-repeater-item-e7f8e4c\">\r\n\t\t\t\t\t\t<div class=\"item\">\r\n\r\n\t\t\t\t\t\t<a href=\"https:\/\/www.trip.com\/t\/2rYasll7MX1\" target=\"_blank\" rel=\"nofollow noopener\">\r\n\t\t\t\t\r\n\t\t\t\t<div class=\"image\">\r\n\t\t\t\t\t<img decoding=\"async\" src=\"https:\/\/lalocandabangkok.com\/wp-content\/uploads\/2024\/01\/Pattaya-1.jpg\"\r\n\t\t\t\t\t     alt=\"Logo du client\">\r\n\t\t\t\t<\/div>\r\n\r\n\t\t\t\t\t\t\t<\/a>\r\n\t\t\t\t<\/div>\r\n\t\t\t\t\t<\/div>\r\n\t\t\t\t\t<div class=\"grid-item elementor-repeater-item-15b9c6b\">\r\n\t\t\t\t\t\t<div class=\"item\">\r\n\r\n\t\t\t\t\t\t<a href=\"https:\/\/www.trip.com\/t\/YR5YfGn7MX1\" target=\"_blank\" rel=\"nofollow noopener\">\r\n\t\t\t\t\r\n\t\t\t\t<div class=\"image\">\r\n\t\t\t\t\t<img decoding=\"async\" src=\"https:\/\/lalocandabangkok.com\/wp-content\/uploads\/2024\/01\/Phuket-Town.jpg\"\r\n\t\t\t\t\t     alt=\"Logo du client\">\r\n\t\t\t\t<\/div>\r\n\r\n\t\t\t\t\t\t\t<\/a>\r\n\t\t\t\t<\/div>\r\n\t\t\t\t\t<\/div>\r\n\t\t\t\t\t<div class=\"grid-item elementor-repeater-item-8e8f119\">\r\n\t\t\t\t\t\t<div class=\"item\">\r\n\r\n\t\t\t\t\t\t<a href=\"https:\/\/www.trip.com\/t\/Q7PqDDp7MX1\" target=\"_blank\" rel=\"nofollow noopener\">\r\n\t\t\t\t\r\n\t\t\t\t<div class=\"image\">\r\n\t\t\t\t\t<img decoding=\"async\" src=\"https:\/\/lalocandabangkok.com\/wp-content\/uploads\/2024\/01\/Jomtien-Beach.jpg\"\r\n\t\t\t\t\t     alt=\"Logo du client\">\r\n\t\t\t\t<\/div>\r\n\r\n\t\t\t\t\t\t\t<\/a>\r\n\t\t\t\t<\/div>\r\n\t\t\t\t\t<\/div>\r\n\t\t\t\t\t<\/div>\r\n\t\t<\/div>\r\n\t\t\t\t\t\t<\/div>\n\t\t\t\t<\/div>\n\t\t\t\t\t<\/div>\n\t\t<\/div>\n\t\t\t\t\t<\/div>\n\t\t<\/section>\n\t\t<div class=\"elementor-element elementor-element-8af590e e-flex e-con-boxed e-con e-parent\" data-id=\"8af590e\" data-element_type=\"container\" data-e-type=\"container\">\n\t\t\t\t\t<div class=\"e-con-inner\">\n\t\t\t\t<div class=\"elementor-element elementor-element-ec2039b elementor-widget elementor-widget-text-editor\" data-id=\"ec2039b\" data-element_type=\"widget\" data-e-type=\"widget\" data-widget_type=\"text-editor.default\">\n\t\t\t\t<div class=\"elementor-widget-container\">\n\t\t\t\t\t\t\t\t\t<div data-gyg-widget=\"auto\" data-gyg-partner-id=\"1HQ2Z79\"><\/div>\t\t\t\t\t\t\t\t<\/div>\n\t\t\t\t<\/div>\n\t\t\t\t\t<\/div>\n\t\t\t\t<\/div>\n\t\t\t\t<\/div>","protected":false},"excerpt":{"rendered":"<p>The location of La Locanda La Locanda is a boutique hotel that offers a unique blend of comfort and convenience in the vibrant city of Bangkok.\u00a0Situated in the Pom Prap Sattru Phai district, the hotel is just a short distance from the Bangkok Railway Station and Hua Lamphong MRT Station, making it an ideal base [&hellip;]<\/p>\n","protected":false},"author":1,"featured_media":5702,"parent":0,"menu_order":0,"comment_status":"closed","ping_status":"closed","template":"","meta":{"footnotes":""},"class_list":["post-5699","page","type-page","status-publish","has-post-thumbnail","hentry"],"_links":{"self":[{"href":"https:\/\/lalocandabangkok.com\/fr\/wp-json\/wp\/v2\/pages\/5699","targetHints":{"allow":["GET"]}}],"collection":[{"href":"https:\/\/lalocandabangkok.com\/fr\/wp-json\/wp\/v2\/pages"}],"about":[{"href":"https:\/\/lalocandabangkok.com\/fr\/wp-json\/wp\/v2\/types\/page"}],"author":[{"embeddable":true,"href":"https:\/\/lalocandabangkok.com\/fr\/wp-json\/wp\/v2\/users\/1"}],"replies":[{"embeddable":true,"href":"https:\/\/lalocandabangkok.com\/fr\/wp-json\/wp\/v2\/comments?post=5699"}],"version-history":[{"count":0,"href":"https:\/\/lalocandabangkok.com\/fr\/wp-json\/wp\/v2\/pages\/5699\/revisions"}],"wp:featuredmedia":[{"embeddable":true,"href":"https:\/\/lalocandabangkok.com\/fr\/wp-json\/wp\/v2\/media\/5702"}],"wp:attachment":[{"href":"https:\/\/lalocandabangkok.com\/fr\/wp-json\/wp\/v2\/media?parent=5699"}],"curies":[{"name":"wp","href":"https:\/\/api.w.org\/{rel}","templated":true}]}}