{"id":5712,"date":"2024-03-20T17:15:00","date_gmt":"2024-03-20T17:15:00","guid":{"rendered":"https:\/\/lalocandabangkok.com\/?page_id=5712"},"modified":"2024-10-02T02:08:34","modified_gmt":"2024-10-02T02:08:34","slug":"avis-clients","status":"publish","type":"page","link":"https:\/\/lalocandabangkok.com\/fr\/avis-clients\/","title":{"rendered":"Avis des clients"},"content":{"rendered":"<div data-elementor-type=\"wp-page\" data-elementor-id=\"5712\" class=\"elementor elementor-5712\">\n\t\t\t\t<div class=\"elementor-element elementor-element-710980bc e-flex e-con-boxed e-con e-parent\" data-id=\"710980bc\" data-element_type=\"container\" data-e-type=\"container\">\n\t\t\t\t\t<div class=\"e-con-inner\">\n\t\t\t\t<div class=\"elementor-element elementor-element-e454351 elementor-widget elementor-widget-text-editor\" data-id=\"e454351\" data-element_type=\"widget\" data-e-type=\"widget\" data-widget_type=\"text-editor.default\">\n\t\t\t\t<div class=\"elementor-widget-container\">\n\t\t\t\t\t\t\t\t\t\n<p><strong>Avis TripAdvisor :<\/strong><\/p>\n\n\n\n<ol class=\"wp-block-list\">\n<li>\u00ab La Locanda offre un s\u00e9jour chaleureux et confortable, avec des chambres propres et un emplacement id\u00e9al \u00e0 proximit\u00e9 des transports en commun. \u00bb<\/li>\n\n\n\n<li>\u00ab Le personnel de La Locanda est incroyablement accueillant, ce qui rend l&#039;exp\u00e9rience m\u00e9morable au c\u0153ur de Bangkok. \u00bb<\/li>\n\n\n\n<li>\u00ab Un joyau cach\u00e9, La Locanda offre une retraite paisible au milieu de l&#039;agitation de la ville. \u00bb<\/li>\n\n\n\n<li>\u00ab Avec son d\u00e9cor charmant et son service attentionn\u00e9, La Locanda s&#039;impose comme un choix de premier ordre pour les voyageurs. \u00bb<\/li>\n\n\n\n<li>\u00ab Les clients appr\u00e9cient l&#039;atmosph\u00e8re de boutique de La Locanda, notant son caract\u00e8re unique et ses excellents \u00e9quipements. \u00bb<\/li>\n<\/ol>\n\n\n\n<p><strong>Avis sur Booking.com :<\/strong>\u00a0<\/p>\n\n\n\n<p>6. \u00ab La Locanda b\u00e9n\u00e9ficie d&#039;un emplacement id\u00e9al, d&#039;une atmosph\u00e8re calme et d&#039;un bon petit-d\u00e9jeuner. Un excellent rapport qualit\u00e9-prix ! \u00bb\u00a0<\/p>\n\n\n\n<p>7. \u00ab Les visiteurs appr\u00e9cient les lits confortables et l&#039;emplacement de premier ordre, ce qui fait de La Locanda un endroit id\u00e9al pour se reposer et explorer. \u00bb<\/p>\n\n\n\n<p>8. \u00ab La proximit\u00e9 de l&#039;h\u00f4tel avec Chinatown et les transports en commun est tr\u00e8s appr\u00e9ci\u00e9e par les clients qui aiment explorer la ville. \u00bb<\/p>\n\n\n\n<p>9. \u00ab L&#039;ambiance familiale de La Locanda et son d\u00e9licieux petit-d\u00e9jeuner suscitent des commentaires \u00e9logieux de la part des clients. \u00bb<\/p>\n\n\n\n<p>10. \u00ab Les voyageurs appr\u00e9cient La Locanda pour son emplacement agr\u00e9able et l&#039;environnement calme et relaxant qu&#039;elle offre. \u00bb<\/p>\n\n\n\n<p>Ces avis mettent en \u00e9vidence les exp\u00e9riences positives des clients de La Locanda, louant son emplacement, son confort et son service.<\/p>\n\t\t\t\t\t\t\t\t<\/div>\n\t\t\t\t<\/div>\n\t\t\t\t\t<\/div>\n\t\t\t\t<\/div>\n\t\t\t\t<section class=\"elementor-section elementor-top-section elementor-element elementor-element-2f13efaf elementor-section-stretched elementor-section-boxed elementor-section-gap-beside-yes elementor-section-height-default elementor-section-height-default elementor-section-column-vertical-align-stretch\" data-id=\"2f13efaf\" data-element_type=\"section\" data-e-type=\"section\" data-settings=\"{&quot;background_background&quot;:&quot;classic&quot;,&quot;stretch_section&quot;:&quot;section-stretched&quot;}\">\n\t\t\t\t\t\t<div class=\"elementor-container elementor-column-gap-extended\">\n\t\t\t\t\t<div class=\"elementor-column elementor-col-100 elementor-top-column elementor-element elementor-element-265dfe0c\" data-id=\"265dfe0c\" data-element_type=\"column\" data-e-type=\"column\">\n\t\t\t<div class=\"elementor-widget-wrap elementor-element-populated\">\n\t\t\t\t\t\t<div class=\"elementor-element elementor-element-59a0b755 elementor-widget elementor-widget-heading\" data-id=\"59a0b755\" data-element_type=\"widget\" data-e-type=\"widget\" data-widget_type=\"heading.default\">\n\t\t\t\t<div class=\"elementor-widget-container\">\n\t\t\t\t\t<h2 class=\"elementor-heading-title elementor-size-default\">Destinations incontournables en Tha\u00eflande<\/h2>\t\t\t\t<\/div>\n\t\t\t\t<\/div>\n\t\t\t\t<div class=\"elementor-element elementor-element-67915a4c elementor-widget elementor-widget-nuss-client-logo\" data-id=\"67915a4c\" data-element_type=\"widget\" data-e-type=\"widget\" data-widget_type=\"nuss-client-logo.default\">\n\t\t\t\t<div class=\"elementor-widget-container\">\n\t\t\t\t\t\t\t<div class=\"nuss-client-logo\">\r\n\t\t\t<div class=\"nuss-grid flex-item\">\r\n\t\t\t\t\t\t\t<div class=\"grid-item elementor-repeater-item-1972798\">\r\n\t\t\t\t\t\t<div class=\"item\">\r\n\r\n\t\t\t\t\t\t<a href=\"https:\/\/www.trip.com\/t\/IdNkN7k7MX1\" target=\"_blank\" rel=\"nofollow noopener\">\r\n\t\t\t\t\r\n\t\t\t\t<div class=\"image\">\r\n\t\t\t\t\t<img decoding=\"async\" src=\"https:\/\/lalocandabangkok.com\/wp-content\/uploads\/2024\/01\/Chiang-Mai.jpg\"\r\n\t\t\t\t\t     alt=\"Logo du client\">\r\n\t\t\t\t<\/div>\r\n\r\n\t\t\t\t\t\t\t<\/a>\r\n\t\t\t\t<\/div>\r\n\t\t\t\t\t<\/div>\r\n\t\t\t\t\t<div class=\"grid-item elementor-repeater-item-e7f8e4c\">\r\n\t\t\t\t\t\t<div class=\"item\">\r\n\r\n\t\t\t\t\t\t<a href=\"https:\/\/www.trip.com\/t\/2rYasll7MX1\" target=\"_blank\" rel=\"nofollow noopener\">\r\n\t\t\t\t\r\n\t\t\t\t<div class=\"image\">\r\n\t\t\t\t\t<img decoding=\"async\" src=\"https:\/\/lalocandabangkok.com\/wp-content\/uploads\/2024\/01\/Pattaya-1.jpg\"\r\n\t\t\t\t\t     alt=\"Logo du client\">\r\n\t\t\t\t<\/div>\r\n\r\n\t\t\t\t\t\t\t<\/a>\r\n\t\t\t\t<\/div>\r\n\t\t\t\t\t<\/div>\r\n\t\t\t\t\t<div class=\"grid-item elementor-repeater-item-15b9c6b\">\r\n\t\t\t\t\t\t<div class=\"item\">\r\n\r\n\t\t\t\t\t\t<a href=\"https:\/\/www.trip.com\/t\/YR5YfGn7MX1\" target=\"_blank\" rel=\"nofollow noopener\">\r\n\t\t\t\t\r\n\t\t\t\t<div class=\"image\">\r\n\t\t\t\t\t<img decoding=\"async\" src=\"https:\/\/lalocandabangkok.com\/wp-content\/uploads\/2024\/01\/Phuket-Town.jpg\"\r\n\t\t\t\t\t     alt=\"Logo du client\">\r\n\t\t\t\t<\/div>\r\n\r\n\t\t\t\t\t\t\t<\/a>\r\n\t\t\t\t<\/div>\r\n\t\t\t\t\t<\/div>\r\n\t\t\t\t\t<div class=\"grid-item elementor-repeater-item-8e8f119\">\r\n\t\t\t\t\t\t<div class=\"item\">\r\n\r\n\t\t\t\t\t\t<a href=\"https:\/\/www.trip.com\/t\/Q7PqDDp7MX1\" target=\"_blank\" rel=\"nofollow noopener\">\r\n\t\t\t\t\r\n\t\t\t\t<div class=\"image\">\r\n\t\t\t\t\t<img decoding=\"async\" src=\"https:\/\/lalocandabangkok.com\/wp-content\/uploads\/2024\/01\/Jomtien-Beach.jpg\"\r\n\t\t\t\t\t     alt=\"Logo du client\">\r\n\t\t\t\t<\/div>\r\n\r\n\t\t\t\t\t\t\t<\/a>\r\n\t\t\t\t<\/div>\r\n\t\t\t\t\t<\/div>\r\n\t\t\t\t\t<\/div>\r\n\t\t<\/div>\r\n\t\t\t\t\t\t<\/div>\n\t\t\t\t<\/div>\n\t\t\t\t\t<\/div>\n\t\t<\/div>\n\t\t\t\t\t<\/div>\n\t\t<\/section>\n\t\t<div class=\"elementor-element elementor-element-b8c310a e-flex e-con-boxed e-con e-parent\" data-id=\"b8c310a\" data-element_type=\"container\" data-e-type=\"container\">\n\t\t\t\t\t<div class=\"e-con-inner\">\n\t\t\t\t<div class=\"elementor-element elementor-element-1f7aa21 elementor-widget elementor-widget-text-editor\" data-id=\"1f7aa21\" data-element_type=\"widget\" data-e-type=\"widget\" data-widget_type=\"text-editor.default\">\n\t\t\t\t<div class=\"elementor-widget-container\">\n\t\t\t\t\t\t\t\t\t<div data-gyg-widget=\"auto\" data-gyg-partner-id=\"1HQ2Z79\"><\/div>\t\t\t\t\t\t\t\t<\/div>\n\t\t\t\t<\/div>\n\t\t\t\t\t<\/div>\n\t\t\t\t<\/div>\n\t\t\t\t<\/div>","protected":false},"excerpt":{"rendered":"<p>TripAdvisor Reviews: Booking.com Reviews:\u00a0 6. &#8220;La Locanda boasts a great location, quiet atmosphere, and a nice breakfast.\u00a0Good value for money!&#8221;\u00a0 7.\u00a0&#8220;Visitors love the comfy beds and the top-notch location, making La Locanda a great place to rest and explore.&#8221; 8.\u00a0&#8220;The hotel\u2019s proximity to Chinatown and public transport is highly praised by guests who enjoy exploring [&hellip;]<\/p>\n","protected":false},"author":1,"featured_media":0,"parent":0,"menu_order":0,"comment_status":"closed","ping_status":"closed","template":"","meta":{"footnotes":""},"class_list":["post-5712","page","type-page","status-publish","hentry","post-no-thumbnail"],"_links":{"self":[{"href":"https:\/\/lalocandabangkok.com\/fr\/wp-json\/wp\/v2\/pages\/5712","targetHints":{"allow":["GET"]}}],"collection":[{"href":"https:\/\/lalocandabangkok.com\/fr\/wp-json\/wp\/v2\/pages"}],"about":[{"href":"https:\/\/lalocandabangkok.com\/fr\/wp-json\/wp\/v2\/types\/page"}],"author":[{"embeddable":true,"href":"https:\/\/lalocandabangkok.com\/fr\/wp-json\/wp\/v2\/users\/1"}],"replies":[{"embeddable":true,"href":"https:\/\/lalocandabangkok.com\/fr\/wp-json\/wp\/v2\/comments?post=5712"}],"version-history":[{"count":0,"href":"https:\/\/lalocandabangkok.com\/fr\/wp-json\/wp\/v2\/pages\/5712\/revisions"}],"wp:attachment":[{"href":"https:\/\/lalocandabangkok.com\/fr\/wp-json\/wp\/v2\/media?parent=5712"}],"curies":[{"name":"wp","href":"https:\/\/api.w.org\/{rel}","templated":true}]}}