{"id":5699,"date":"2024-03-20T17:02:10","date_gmt":"2024-03-20T17:02:10","guid":{"rendered":"https:\/\/lalocandabangkok.com\/?page_id=5699"},"modified":"2024-10-02T02:07:49","modified_gmt":"2024-10-02T02:07:49","slug":"posizione-e-come-arrivare-la-locanda","status":"publish","type":"page","link":"https:\/\/lalocandabangkok.com\/it\/posizione-e-come-arrivare-la-locanda\/","title":{"rendered":"Dove siamo e come arrivare \u2013 La Locanda"},"content":{"rendered":"<div data-elementor-type=\"wp-page\" data-elementor-id=\"5699\" class=\"elementor elementor-5699\">\n\t\t\t\t<div class=\"elementor-element elementor-element-11abfe89 e-flex e-con-boxed e-con e-parent\" data-id=\"11abfe89\" data-element_type=\"container\" data-e-type=\"container\">\n\t\t\t\t\t<div class=\"e-con-inner\">\n\t\t\t\t<div class=\"elementor-element elementor-element-e265c72 elementor-widget elementor-widget-text-editor\" data-id=\"e265c72\" data-element_type=\"widget\" data-e-type=\"widget\" data-widget_type=\"text-editor.default\">\n\t\t\t\t<div class=\"elementor-widget-container\">\n\t\t\t\t\t\t\t\t\t<script async src=\"https:\/\/tp.media\/content?currency=usd&#038;trs=310992&#038;shmarker=517458&#038;search_host=search.hotellook.com&#038;locale=en&#038;powered_by=true&#038;draggable=true&#038;disable_zoom=false&#038;show_logo=true&#038;scrollwheel=false&#038;color=%2307AF61&#038;contrast_color=%23ffffff&#038;width=1200&#038;height=500&#038;lat=13.758879&#038;lng=100.497358&#038;zoom=14&#038;radius=60&#038;stars=0&#038;rating_from=0&#038;rating_to=10&#038;promo_id=4285&#038;campaign_id=101\" charset=\"utf-8\"><\/script>\t\t\t\t\t\t\t\t<\/div>\n\t\t\t\t<\/div>\n\t\t\t\t<div class=\"elementor-element elementor-element-5f44667b elementor-widget elementor-widget-text-editor\" data-id=\"5f44667b\" data-element_type=\"widget\" data-e-type=\"widget\" data-widget_type=\"text-editor.default\">\n\t\t\t\t<div class=\"elementor-widget-container\">\n\t\t\t\t\t\t\t\t\t\n<h2 class=\"wp-block-heading\">La posizione della Locanda<\/h2>\n\n<p>La Locanda \u00e8 un boutique hotel che offre un mix unico di comfort e convenienza nella vivace citt\u00e0 di Bangkok. Situato nel quartiere Pom Prap Sattru Phai, l&#039;hotel \u00e8 a breve distanza dalla stazione ferroviaria di Bangkok e dalla stazione MRT di Hua Lamphong, il che lo rende una base ideale per esplorare la citt\u00e0. La posizione dell&#039;hotel in Soi Phantha Chit 2 offre agli ospiti un facile accesso ad alcuni dei pi\u00f9 famosi monumenti culturali di Bangkok, ai vivaci mercati e alle deliziose opzioni di cibo da strada. Che siate in citt\u00e0 per lavoro o per piacere, la posizione privilegiata di La Locanda assicura un soggiorno memorabile nella capitale della Thailandia.<\/p>\n\n<h2 class=\"wp-block-heading\">Come arrivare \u2013 La Locanda Bangkok Rooms&amp;Food<\/h2>\n\n<p>Per raggiungere La Locanda a Bangkok, i viaggiatori possono seguire queste linee guida dettagliate:<\/p>\n\n<ol class=\"wp-block-list\">\n<li><strong>Dall&#039;aeroporto di Suvarnabhumi (BKK):<\/strong>\n<ul class=\"wp-block-list\">\n<li>Prendi l&#039;Airport Rail Link fino alla stazione di Makkasan.<\/li>\n\n<li>Prendi la linea blu della MRT alla stazione di Phetchaburi.<\/li>\n\n<li>Scendere alla stazione MRT di Hua Lamphong.<\/li>\n\n<li>La Locanda si trova a circa 650 metri dalla stazione.<\/li>\n<\/ul>\n<\/li>\n\n<li><strong>Dall&#039;aeroporto Don Mueang (DMK):<\/strong>\n<ul class=\"wp-block-list\">\n<li>Prendi un taxi direttamente per l&#039;hotel, oppure<\/li>\n\n<li>Prendi l&#039;autobus A1 fino alla stazione BTS di Mo Chit, quindi prendi il BTS fino alla stazione di Siam.<\/li>\n\n<li>Prendi la linea blu della MRT e segui i passaggi indicati sopra dalla stazione MRT di Hua Lamphong.<\/li>\n<\/ul>\n<\/li>\n\n<li><strong>In treno:<\/strong>\n<ul class=\"wp-block-list\">\n<li>Arrivo alla stazione ferroviaria di Bangkok (Hua Lamphong).<\/li>\n\n<li>L&#039;hotel si trova a pochi passi dalla stazione, in Soi Phantha Chit 2.<\/li>\n<\/ul>\n<\/li>\n\n<li><strong>In autobus:<\/strong>\n<ul class=\"wp-block-list\">\n<li>La fermata dell&#039;autobus pi\u00f9 vicina \u00e8 la 35, che dista solo 250 metri dall&#039;hotel.<\/li>\n<\/ul>\n<\/li>\n\n<li><strong>In auto:<\/strong>\n<ul class=\"wp-block-list\">\n<li>Impostate il vostro GPS sul seguente indirizzo: Soi Phantha Chit 2 40\/42, Pom Prap, Pom Prap Sattru Phai, Bangkok, 10100.<\/li>\n\n<li>L&#039;hotel dispone di parcheggio privato.<\/li>\n<\/ul>\n<\/li>\n<\/ol>\n\n<p>Per maggiore comodit\u00e0, puoi prendere in considerazione la prenotazione di un taxi o l&#039;utilizzo di app di ride-sharing per raggiungere direttamente l&#039;hotel da qualsiasi punto della citt\u00e0. Assicurati sempre di controllare gli ultimi avvisi di viaggio locali e gli orari dei trasporti.<\/p>\n\t\t\t\t\t\t\t\t<\/div>\n\t\t\t\t<\/div>\n\t\t\t\t\t<\/div>\n\t\t\t\t<\/div>\n\t\t\t\t<section class=\"elementor-section elementor-top-section elementor-element elementor-element-4459db86 elementor-section-stretched elementor-section-boxed elementor-section-gap-beside-yes elementor-section-height-default elementor-section-height-default elementor-section-column-vertical-align-stretch\" data-id=\"4459db86\" data-element_type=\"section\" data-e-type=\"section\" data-settings=\"{&quot;background_background&quot;:&quot;classic&quot;,&quot;stretch_section&quot;:&quot;section-stretched&quot;}\">\n\t\t\t\t\t\t<div class=\"elementor-container elementor-column-gap-extended\">\n\t\t\t\t\t<div class=\"elementor-column elementor-col-100 elementor-top-column elementor-element elementor-element-15539ec9\" data-id=\"15539ec9\" data-element_type=\"column\" data-e-type=\"column\">\n\t\t\t<div class=\"elementor-widget-wrap elementor-element-populated\">\n\t\t\t\t\t\t<div class=\"elementor-element elementor-element-c4b9f0f elementor-widget elementor-widget-heading\" data-id=\"c4b9f0f\" data-element_type=\"widget\" data-e-type=\"widget\" data-widget_type=\"heading.default\">\n\t\t\t\t<div class=\"elementor-widget-container\">\n\t\t\t\t\t<h2 class=\"elementor-heading-title elementor-size-default\">Destinazioni da non perdere in Thailandia<\/h2>\t\t\t\t<\/div>\n\t\t\t\t<\/div>\n\t\t\t\t<div class=\"elementor-element elementor-element-416a51cc elementor-widget elementor-widget-nuss-client-logo\" data-id=\"416a51cc\" data-element_type=\"widget\" data-e-type=\"widget\" data-widget_type=\"nuss-client-logo.default\">\n\t\t\t\t<div class=\"elementor-widget-container\">\n\t\t\t\t\t\t\t<div class=\"nuss-client-logo\">\r\n\t\t\t<div class=\"nuss-grid flex-item\">\r\n\t\t\t\t\t\t\t<div class=\"grid-item elementor-repeater-item-1972798\">\r\n\t\t\t\t\t\t<div class=\"item\">\r\n\r\n\t\t\t\t\t\t<a href=\"https:\/\/www.trip.com\/t\/IdNkN7k7MX1\" target=\"_blank\" rel=\"nofollow noopener\">\r\n\t\t\t\t\r\n\t\t\t\t<div class=\"image\">\r\n\t\t\t\t\t<img decoding=\"async\" src=\"https:\/\/lalocandabangkok.com\/wp-content\/uploads\/2024\/01\/Chiang-Mai.jpg\"\r\n\t\t\t\t\t     alt=\"Logo del cliente\">\r\n\t\t\t\t<\/div>\r\n\r\n\t\t\t\t\t\t\t<\/a>\r\n\t\t\t\t<\/div>\r\n\t\t\t\t\t<\/div>\r\n\t\t\t\t\t<div class=\"grid-item elementor-repeater-item-e7f8e4c\">\r\n\t\t\t\t\t\t<div class=\"item\">\r\n\r\n\t\t\t\t\t\t<a href=\"https:\/\/www.trip.com\/t\/2rYasll7MX1\" target=\"_blank\" rel=\"nofollow noopener\">\r\n\t\t\t\t\r\n\t\t\t\t<div class=\"image\">\r\n\t\t\t\t\t<img decoding=\"async\" src=\"https:\/\/lalocandabangkok.com\/wp-content\/uploads\/2024\/01\/Pattaya-1.jpg\"\r\n\t\t\t\t\t     alt=\"Logo del cliente\">\r\n\t\t\t\t<\/div>\r\n\r\n\t\t\t\t\t\t\t<\/a>\r\n\t\t\t\t<\/div>\r\n\t\t\t\t\t<\/div>\r\n\t\t\t\t\t<div class=\"grid-item elementor-repeater-item-15b9c6b\">\r\n\t\t\t\t\t\t<div class=\"item\">\r\n\r\n\t\t\t\t\t\t<a href=\"https:\/\/www.trip.com\/t\/YR5YfGn7MX1\" target=\"_blank\" rel=\"nofollow noopener\">\r\n\t\t\t\t\r\n\t\t\t\t<div class=\"image\">\r\n\t\t\t\t\t<img decoding=\"async\" src=\"https:\/\/lalocandabangkok.com\/wp-content\/uploads\/2024\/01\/Phuket-Town.jpg\"\r\n\t\t\t\t\t     alt=\"Logo del cliente\">\r\n\t\t\t\t<\/div>\r\n\r\n\t\t\t\t\t\t\t<\/a>\r\n\t\t\t\t<\/div>\r\n\t\t\t\t\t<\/div>\r\n\t\t\t\t\t<div class=\"grid-item elementor-repeater-item-8e8f119\">\r\n\t\t\t\t\t\t<div class=\"item\">\r\n\r\n\t\t\t\t\t\t<a href=\"https:\/\/www.trip.com\/t\/Q7PqDDp7MX1\" target=\"_blank\" rel=\"nofollow noopener\">\r\n\t\t\t\t\r\n\t\t\t\t<div class=\"image\">\r\n\t\t\t\t\t<img decoding=\"async\" src=\"https:\/\/lalocandabangkok.com\/wp-content\/uploads\/2024\/01\/Jomtien-Beach.jpg\"\r\n\t\t\t\t\t     alt=\"Logo del cliente\">\r\n\t\t\t\t<\/div>\r\n\r\n\t\t\t\t\t\t\t<\/a>\r\n\t\t\t\t<\/div>\r\n\t\t\t\t\t<\/div>\r\n\t\t\t\t\t<\/div>\r\n\t\t<\/div>\r\n\t\t\t\t\t\t<\/div>\n\t\t\t\t<\/div>\n\t\t\t\t\t<\/div>\n\t\t<\/div>\n\t\t\t\t\t<\/div>\n\t\t<\/section>\n\t\t<div class=\"elementor-element elementor-element-8af590e e-flex e-con-boxed e-con e-parent\" data-id=\"8af590e\" data-element_type=\"container\" data-e-type=\"container\">\n\t\t\t\t\t<div class=\"e-con-inner\">\n\t\t\t\t<div class=\"elementor-element elementor-element-ec2039b elementor-widget elementor-widget-text-editor\" data-id=\"ec2039b\" data-element_type=\"widget\" data-e-type=\"widget\" data-widget_type=\"text-editor.default\">\n\t\t\t\t<div class=\"elementor-widget-container\">\n\t\t\t\t\t\t\t\t\t<div data-gyg-widget=\"auto\" data-gyg-partner-id=\"1HQ2Z79\"><\/div>\t\t\t\t\t\t\t\t<\/div>\n\t\t\t\t<\/div>\n\t\t\t\t\t<\/div>\n\t\t\t\t<\/div>\n\t\t\t\t<\/div>","protected":false},"excerpt":{"rendered":"<p>The location of La Locanda La Locanda is a boutique hotel that offers a unique blend of comfort and convenience in the vibrant city of Bangkok.\u00a0Situated in the Pom Prap Sattru Phai district, the hotel is just a short distance from the Bangkok Railway Station and Hua Lamphong MRT Station, making it an ideal base [&hellip;]<\/p>\n","protected":false},"author":1,"featured_media":5702,"parent":0,"menu_order":0,"comment_status":"closed","ping_status":"closed","template":"","meta":{"footnotes":""},"class_list":["post-5699","page","type-page","status-publish","has-post-thumbnail","hentry"],"_links":{"self":[{"href":"https:\/\/lalocandabangkok.com\/it\/wp-json\/wp\/v2\/pages\/5699","targetHints":{"allow":["GET"]}}],"collection":[{"href":"https:\/\/lalocandabangkok.com\/it\/wp-json\/wp\/v2\/pages"}],"about":[{"href":"https:\/\/lalocandabangkok.com\/it\/wp-json\/wp\/v2\/types\/page"}],"author":[{"embeddable":true,"href":"https:\/\/lalocandabangkok.com\/it\/wp-json\/wp\/v2\/users\/1"}],"replies":[{"embeddable":true,"href":"https:\/\/lalocandabangkok.com\/it\/wp-json\/wp\/v2\/comments?post=5699"}],"version-history":[{"count":0,"href":"https:\/\/lalocandabangkok.com\/it\/wp-json\/wp\/v2\/pages\/5699\/revisions"}],"wp:featuredmedia":[{"embeddable":true,"href":"https:\/\/lalocandabangkok.com\/it\/wp-json\/wp\/v2\/media\/5702"}],"wp:attachment":[{"href":"https:\/\/lalocandabangkok.com\/it\/wp-json\/wp\/v2\/media?parent=5699"}],"curies":[{"name":"parola chiave","href":"https:\/\/api.w.org\/{rel}","templated":true}]}}